{"id":622,"date":"2024-09-29T21:34:37","date_gmt":"2024-09-29T18:34:37","guid":{"rendered":"https:\/\/woodmaterials.net\/sveza-film-faced-particle-board\/"},"modified":"2024-10-28T09:10:43","modified_gmt":"2024-10-28T06:10:43","slug":"sveza-film-faced-particle-board","status":"publish","type":"page","link":"https:\/\/woodmaterials.net\/en\/sveza-film-faced-particle-board\/","title":{"rendered":"SVEZA FILM FACED PARTICLE BOARD"},"content":{"rendered":"\n  <div id=\"page-header-322817783\" class=\"page-header-wrapper\">\n  <div class=\"page-title dark featured-title\">\n\n    \n    <div class=\"page-title-inner container align-center flex-row medium-flex-wrap\" >\n              <div class=\"title-wrapper flex-col text-left medium-text-center\">\n          <h1 class=\"entry-title mb-0\">\n            SVEZA FILM FACED PARTICLE BOARD          <\/h1>\n        <\/div>\n                    <div class=\"title-content flex-col flex-right text-right medium-text-center\">\n        <div class=\"title-breadcrumbs pb-half pt-half\"><\/div>      <\/div>\n    <\/div>\n\n       <\/div>\n    <\/div>\n  \n\n<div class=\"is-divider divider clearfix\" ><\/div>\n\n<div class=\"row\"  id=\"row-1432011671\">\n\n\n\t<div id=\"col-154865792\" class=\"col medium-5 small-12 large-5\"  >\n\t\t\t\t<div class=\"col-inner\"  >\n\t\t\t\n\t\t\t\n\n\t<div class=\"img has-hover x md-x lg-x y md-y lg-y\" id=\"image_1255911043\">\n\t\t\t\t\t\t\t\t<div class=\"img-inner dark\" >\n\t\t\t<img loading=\"lazy\" decoding=\"async\" width=\"540\" height=\"333\" src=\"https:\/\/woodmaterials.net\/wp-content\/uploads\/2024\/09\/particle_board.png\" class=\"attachment-large size-large\" alt=\"\" srcset=\"https:\/\/woodmaterials.net\/wp-content\/uploads\/2024\/09\/particle_board.png 540w, https:\/\/woodmaterials.net\/wp-content\/uploads\/2024\/09\/particle_board-300x185.png 300w\" sizes=\"auto, (max-width: 540px) 100vw, 540px\" \/>\t\t\t\t\t\t\n\t\t\t\t\t<\/div>\n\t\t\t\t\t\t\t\t\n<style>\n#image_1255911043 {\n  width: 100%;\n}\n<\/style>\n\t<\/div>\n\t\n\n\n\t\t<\/div>\n\t\t\t\t\t<\/div>\n\n\t\n\n\t<div id=\"col-1848062042\" class=\"col medium-7 small-12 large-7\"  >\n\t\t\t\t<div class=\"col-inner\"  >\n\t\t\t\n\t\t\t\n\n<div class=\"container section-title-container\" ><h3 class=\"section-title section-title-normal\"><b><\/b><span class=\"section-title-main\" >SVEZA FILM FACED PARTICLE BOARD<\/span><b><\/b><\/h3><\/div>\n\n\t<div id=\"text-3824390190\" class=\"text\">\n\t\t\n\n<p><span class=\"jCAhz ChMk0b\"><span class=\"ryNqvb\">SVEZA film kapl\u0131 yonga levha, y\u00fcksek kaliteli melamin filmle kaplanm\u0131\u015f bir taban levhas\u0131d\u0131r.<\/span><\/span><span class=\"jCAhz ChMk0b\"><span class=\"ryNqvb\">Tahta y\u00fczeyi \u00e7e\u015fitli doku ve renklerde gelir.<\/span><\/span><span class=\"jCAhz ChMk0b\"><span class=\"ryNqvb\">SVEZA film kapl\u0131 yonga levha, mobilya ve i\u00e7 mekan malzemeleri \u00fcretiminin yan\u0131 s\u0131ra i\u00e7 kaplamalarda da kullan\u0131l\u0131r.<\/span><\/span><span class=\"jCAhz ChMk0b\"><span class=\"ryNqvb\">SVEZA film kapl\u0131 yonga levhada Schattdecor, Impress, Interprint, Sueddekor gibi d\u00fcnya liderlerinin dekorlar\u0131 yer al\u0131yor.<\/span><\/span><span class=\"jCAhz ChMk0b\"><span class=\"ryNqvb\">Funder, Hans Schmid Decor filmlerinin kullan\u0131lmas\u0131 y\u00fczey mukavemetini, a\u015f\u0131nmaya, neme (su, meyve suyu, alkol) ve s\u0131cakl\u0131k de\u011fi\u015fimlerine kar\u015f\u0131 direnci art\u0131r\u0131r.\u00a0<\/span><\/span><\/p>\n\t\t\n<style>\n#text-3824390190 {\n  line-height: 2.55;\n}\n<\/style>\n\t<\/div>\n\t\n\n\t\t<\/div>\n\t\t\t\t\t<\/div>\n\n\t\n\n<\/div>\n<div class=\"row\"  id=\"row-162769718\">\n\n\n\t<div id=\"col-1761968726\" class=\"col small-12 large-12\"  >\n\t\t\t\t<div class=\"col-inner\"  >\n\t\t\t\n\t\t\t\n\n\n\t\t<div class=\"tabbed-content\">\n\t\t\t\n\t\t\t<ul class=\"nav nav-tabs nav-uppercase nav-size-normal nav-left\" role=\"tablist\"><li id=\"tab-tekn\u0130k-\u00d6zell\u0130kler\u0130\" class=\"tab active has-icon\" role=\"presentation\"><a href=\"#tab_tekn\u0130k-\u00d6zell\u0130kler\u0130\" role=\"tab\" aria-selected=\"true\" aria-controls=\"tab_tekn\u0130k-\u00d6zell\u0130kler\u0130\"><span>TEKN\u0130K \u00d6ZELL\u0130KLER\u0130<\/span><\/a><\/li>\n<li id=\"tab-mukavemet-\u00d6zellikleri\" class=\"tab has-icon\" role=\"presentation\"><a href=\"#tab_mukavemet-\u00d6zellikleri\" tabindex=\"-1\" role=\"tab\" aria-selected=\"false\" aria-controls=\"tab_mukavemet-\u00d6zellikleri\"><span>Mukavemet \u00d6zellikleri<\/span><\/a><\/li><\/ul><div class=\"tab-panels\"><div id=\"tab_tekn\u0130k-\u00d6zell\u0130kler\u0130\" class=\"panel active entry-content\" role=\"tabpanel\" aria-labelledby=\"tab-tekn\u0130k-\u00d6zell\u0130kler\u0130\">\n\n<p><span class=\"jCAhz ChMk0b\"><span class=\"ryNqvb\">Film kapl\u0131 yonga levha\u00a0 \u00a0 \u00a0 \u00a0 \u00a0 \u00a0 \u00a0 \u00a0 \u00a0 \u00a0 \u00a0 \u00a0 \u00a0 \u00a0 \u00a0 \u00a0 \u00a0 \u00a0 \u00a0 \u00a0 \u00a0 \u00a0 \u00a0 \u00a0 \u00a0 Taban: Yonga levha P2, ince taneli, z\u0131mparalanm\u0131\u015f, s\u0131n\u0131f I,\u00a0<\/span><\/span><\/p>\n<p><span class=\"jCAhz ChMk0b\"><span class=\"ryNqvb\">formaldehit emisyon s\u0131n\u0131f\u0131\u00a0 \u00a0 \u00a0 \u00a0 \u00a0 \u00a0 \u00a0 \u00a0 \u00a0 \u00a0 \u00a0 \u00a0 \u00a0 \u00a0 \u00a0 \u00a0 \u00a0 \u00a0 \u00a0 \u00a0 \u00a0 \u00a0 \u04151<\/span><\/span><\/p>\n<p><span class=\"jCAhz ChMk0b\"><span class=\"ryNqvb\">Standart boyutlar, mm (ft)\u00a0 \u00a0 \u00a0 \u00a0 \u00a0 \u00a0 \u00a0 \u00a0 \u00a0 \u00a0 \u00a0 \u00a0 \u00a0 \u00a0 \u00a0 \u00a0 \u00a0 \u00a0 \u00a0 \u00a0 \u00a0 \u00a0 3500\u04451750<\/span><\/span><\/p>\n<p><span class=\"jCAhz ChMk0b\"><span class=\"ryNqvb\">Standart kal\u0131nl\u0131k, mm\u00a0 \u00a0 \u00a0 \u00a0 \u00a0 \u00a0 \u00a0 \u00a0 \u00a0 \u00a0 \u00a0 \u00a0 \u00a0 \u00a0 \u00a0 \u00a0 \u00a0 \u00a0 \u00a0 \u00a0 \u00a0 \u00a0 \u00a0 \u00a0 \u00a0 \u00a0 16, 18<\/span><\/span><\/p>\n<p><span class=\"jCAhz ChMk0b\"><span class=\"ryNqvb\">Dekorlar mevcut\u00a0 \u00a0 \u00a0 \u00a0 \u00a0 \u00a0 \u00a0 \u00a0 \u00a0 \u00a0 \u00a0 \u00a0 \u00a0 \u00a0 \u00a0 \u00a0 \u00a0 \u00a0 \u00a0 \u00a0 \u00a0 \u00a0 \u00a0 \u00a0 \u00a0 \u00a0 \u00a0 \u00a0 \u00a0 \u00a050+<\/span><\/span><\/p>\n<p><span class=\"jCAhz ChMk0b\"><span class=\"ryNqvb\">Kabartma\u00a0 \u00a0 \u00a0 \u00a0 \u00a0 \u00a0 \u00a0 \u00a0 \u00a0 \u00a0 \u00a0 \u00a0 \u00a0 \u00a0 \u00a0 \u00a0 \u00a0 \u00a0 \u00a0 \u00a0 \u00a0 \u00a0 \u00a0 \u00a0 \u00a0 \u00a0 \u00a0 \u00a0 \u00a0 \u00a0 \u00a0 \u00a0 \u00a0 \u00a0 \u00a0 Ah\u015fap g\u00f6zenekli, p\u00fcr\u00fczs\u00fcz, shagreen<\/span><\/span><\/p>\n<p><span class=\"jCAhz ChMk0b\"><span class=\"ryNqvb\">Kaplaman\u0131n termal kararl\u0131l\u0131\u011f\u0131\u00a0 \u00a0 \u00a0 \u00a0 \u00a0 \u00a0 \u00a0 \u00a0 \u00a0 \u00a0 \u00a0 \u00a0 \u00a0 \u00a0 \u00a0 \u00a0 \u00a0 \u00a0 \u00a0 \u00a0G\u00f6r\u00fcn\u00fcm de\u011fi\u015fikli\u011fine izin verilmez<\/span><\/span><\/p>\n<p><span class=\"jCAhz ChMk0b\"><span class=\"ryNqvb\">Ev ve kullan\u0131m kimyasallar\u0131na kar\u015f\u0131 dayan\u0131kl\u0131l\u0131k\u00a0 \u00a0 \u00a0 \u00a0 \u00a0 \u00a0G\u00f6r\u00fcn\u00fcm de\u011fi\u015fikli\u011fine izin verilmez<\/span><\/span><\/p>\n\n<\/div>\n<div id=\"tab_mukavemet-\u00d6zellikleri\" class=\"panel entry-content\" role=\"tabpanel\" aria-labelledby=\"tab-mukavemet-\u00d6zellikleri\">\n\n<p><b>&#8230;&#8230;<\/b><\/p>\n\n<\/div><\/div><\/div>\n\n\t\t<\/div>\n\t\t\t\t\t<\/div>\n\n\t\n\n<\/div>\n\n","protected":false},"excerpt":{"rendered":"","protected":false},"author":1,"featured_media":0,"parent":0,"menu_order":0,"comment_status":"closed","ping_status":"closed","template":"page-blank.php","meta":{"footnotes":""},"class_list":["post-622","page","type-page","status-publish","hentry"],"_links":{"self":[{"href":"https:\/\/woodmaterials.net\/en\/wp-json\/wp\/v2\/pages\/622","targetHints":{"allow":["GET"]}}],"collection":[{"href":"https:\/\/woodmaterials.net\/en\/wp-json\/wp\/v2\/pages"}],"about":[{"href":"https:\/\/woodmaterials.net\/en\/wp-json\/wp\/v2\/types\/page"}],"author":[{"embeddable":true,"href":"https:\/\/woodmaterials.net\/en\/wp-json\/wp\/v2\/users\/1"}],"replies":[{"embeddable":true,"href":"https:\/\/woodmaterials.net\/en\/wp-json\/wp\/v2\/comments?post=622"}],"version-history":[{"count":7,"href":"https:\/\/woodmaterials.net\/en\/wp-json\/wp\/v2\/pages\/622\/revisions"}],"predecessor-version":[{"id":1011,"href":"https:\/\/woodmaterials.net\/en\/wp-json\/wp\/v2\/pages\/622\/revisions\/1011"}],"wp:attachment":[{"href":"https:\/\/woodmaterials.net\/en\/wp-json\/wp\/v2\/media?parent=622"}],"curies":[{"name":"wp","href":"https:\/\/api.w.org\/{rel}","templated":true}]}}