{"id":619,"date":"2024-09-29T21:35:50","date_gmt":"2024-09-29T18:35:50","guid":{"rendered":"https:\/\/woodmaterials.net\/sveza-film-faced-birch-plywood\/"},"modified":"2026-03-16T18:06:56","modified_gmt":"2026-03-16T15:06:56","slug":"sveza-film-faced-birch-plywood","status":"publish","type":"page","link":"https:\/\/woodmaterials.net\/en\/sveza-film-faced-birch-plywood\/","title":{"rendered":"SVEZA FILM FACED BIRCH PLYWOOD"},"content":{"rendered":"\n  <div id=\"page-header-521335660\" class=\"page-header-wrapper\">\n  <div class=\"page-title dark featured-title\">\n\n    \n    <div class=\"page-title-inner container align-center flex-row medium-flex-wrap\" >\n              <div class=\"title-wrapper flex-col text-left medium-text-center\">\n          <h1 class=\"entry-title mb-0\">\n            SVEZA FILM FACED BIRCH PLYWOOD          <\/h1>\n        <\/div>\n                    <div class=\"title-content flex-col flex-right text-right medium-text-center\">\n        <div class=\"title-breadcrumbs pb-half pt-half\"><\/div>      <\/div>\n    <\/div>\n\n       <\/div>\n    <\/div>\n  \n\n<div class=\"is-divider divider clearfix\" ><\/div>\n\n<div class=\"row\"  id=\"row-415515421\">\n\n\n\t<div id=\"col-246074064\" class=\"col medium-5 small-12 large-5\"  >\n\t\t\t\t<div class=\"col-inner\"  >\n\t\t\t\n\t\t\t\n\n\t<div class=\"img has-hover x md-x lg-x y md-y lg-y\" id=\"image_249556961\">\n\t\t\t\t\t\t\t\t<div class=\"img-inner dark\" >\n\t\t\t<img loading=\"lazy\" decoding=\"async\" width=\"700\" height=\"467\" src=\"https:\/\/woodmaterials.net\/wp-content\/uploads\/2024\/09\/7.jpg\" class=\"attachment-large size-large\" alt=\"\" srcset=\"https:\/\/woodmaterials.net\/wp-content\/uploads\/2024\/09\/7.jpg 700w, https:\/\/woodmaterials.net\/wp-content\/uploads\/2024\/09\/7-300x200.jpg 300w\" sizes=\"auto, (max-width: 700px) 100vw, 700px\" \/>\t\t\t\t\t\t\n\t\t\t\t\t<\/div>\n\t\t\t\t\t\t\t\t\n<style>\n#image_249556961 {\n  width: 100%;\n}\n<\/style>\n\t<\/div>\n\t\n\n\n\t\t<\/div>\n\t\t\t\t\t<\/div>\n\n\t\n\n\t<div id=\"col-1740218522\" class=\"col medium-7 small-12 large-7\"  >\n\t\t\t\t<div class=\"col-inner\"  >\n\t\t\t\n\t\t\t\n\n<div class=\"container section-title-container\" ><h3 class=\"section-title section-title-normal\"><b><\/b><span class=\"section-title-main\" >SVEZA FILM FACED BIRCH PLYWOOD<\/span><b><\/b><\/h3><\/div>\n\n\t<div id=\"text-2055685010\" class=\"text\">\n\t\t\n\n<p>SVEZA Film Faced Birch Plywood is a high-quality plywood covered with resin-treated paper that turns into a protective film during production.Comes with smooth or mesh surface. Edges are sealed with water-dispersible acrylic paint.This type of plywood is widely used in the construction industry and vehicle production. It is easy to mount and work with.<\/p>\n\t\t\n<style>\n#text-2055685010 {\n  line-height: 2.55;\n}\n<\/style>\n\t<\/div>\n\t\n\n\t\t<\/div>\n\t\t\t\t\t<\/div>\n\n\t\n\n<\/div>\n<div class=\"row\"  id=\"row-361099284\">\n\n\n\t<div id=\"col-406582479\" class=\"col small-12 large-12\"  >\n\t\t\t\t<div class=\"col-inner\"  >\n\t\t\t\n\t\t\t\n\n\n\t\t<div class=\"tabbed-content\">\n\t\t\t\n\t\t\t<ul class=\"nav nav-tabs nav-uppercase nav-size-normal nav-left\" role=\"tablist\"><li id=\"tab-tekn\u0130k-\u00d6zell\u0130kler\u0130\" class=\"tab active has-icon\" role=\"presentation\"><a href=\"#tab_tekn\u0130k-\u00d6zell\u0130kler\u0130\" role=\"tab\" aria-selected=\"true\" aria-controls=\"tab_tekn\u0130k-\u00d6zell\u0130kler\u0130\"><span>TEKN\u0130K \u00d6ZELL\u0130KLER\u0130<\/span><\/a><\/li>\n<li id=\"tab-mukavemet-\u00d6zellikleri\" class=\"tab has-icon\" role=\"presentation\"><a href=\"#tab_mukavemet-\u00d6zellikleri\" tabindex=\"-1\" role=\"tab\" aria-selected=\"false\" aria-controls=\"tab_mukavemet-\u00d6zellikleri\"><span>Mukavemet \u00d6zellikleri<\/span><\/a><\/li><\/ul><div class=\"tab-panels\"><div id=\"tab_tekn\u0130k-\u00d6zell\u0130kler\u0130\" class=\"panel active entry-content\" role=\"tabpanel\" aria-labelledby=\"tab-tekn\u0130k-\u00d6zell\u0130kler\u0130\">\n\n<p>Standard sizes, mm (ft)\u00a0 \u00a0 \u00a0 \u00a0 \u00a0 \u00a0 \u00a0 \u00a0 \u00a0 \u00a0 \u00a0 \u00a0 \u00a0 \u00a0 \u00a0 \u00a0 \u00a0 \u00a0 \u00a0 1220\u04452440\u04451220 (4\u04458\u04454), 1250\u04452500\u04451250 (4\u04458\u04454), 1500\/1525&#215;2440\/2500 (5&#215;8), 2440\/2500\u04451500\/1525 (8&#215;5), 1500\/1525\u04453000\/3050 (5\u044510)<br \/>Standard thickness, mm\u00a0 \u00a0 \u00a0 \u00a0 \u00a0 \u00a0 \u00a0 \u00a0 \u00a0 \u00a0 \u00a0 \u00a0 \u00a0 \u00a0 \u00a0 \u00a0 \u00a0 \u00a0 \u00a06-40<br \/>Film density, g\/m2\u00a0 \u00a0 \u00a0 \u00a0 \u00a0 \u00a0 \u00a0 \u00a0 \u00a0 \u00a0 \u00a0 \u00a0 \u00a0 \u00a0 \u00a0 \u00a0 \u00a0 \u00a0 \u00a0 \u00a0 \u00a0 \u00a0 \u00a0120, 220<br \/>Surface quality\u00a0 \u00a0 \u00a0 \u00a0 \u00a0 \u00a0 \u00a0 \u00a0 \u00a0 \u00a0 \u00a0 \u00a0 \u00a0 \u00a0 \u00a0 \u00a0 \u00a0 \u00a0 \u00a0 \u00a0 \u00a0 \u00a0 \u00a0 \u00a0 \u00a0 \u00a0smooth (F\/F)<br \/>Formaldehyde emission class\u00a0 \u00a0 \u00a0 \u00a0 \u00a0 \u00a0 \u00a0 \u00a0 \u00a0 \u00a0 \u00a0 \u00a0 \u00a0 \u00a0 \u04151<br \/>Water resistance\u00a0 \u00a0 \u00a0 \u00a0 \u00a0 \u00a0 \u00a0 \u00a0 \u00a0 \u00a0 \u00a0 \u00a0 \u00a0 \u00a0 \u00a0 \u00a0 \u00a0 \u00a0 \u00a0 \u00a0 \u00a0 \u00a0 \u00a0 \u00a0 higher<br \/>Density, kg\/m3\u00a0 \u00a0 \u00a0 \u00a0 \u00a0 \u00a0 \u00a0 \u00a0 \u00a0 \u00a0 \u00a0 \u00a0 \u00a0 \u00a0 \u00a0 \u00a0 \u00a0 \u00a0 \u00a0 \u00a0 \u00a0 \u00a0 \u00a0 \u00a0 \u00a0 640-700<br \/>Moisture content, %\u00a0 \u00a0 \u00a0 \u00a0 \u00a0 \u00a0 \u00a0 \u00a0 \u00a0 \u00a0 \u00a0 \u00a0 \u00a0 \u00a0 \u00a0 \u00a0 \u00a0 \u00a0 \u00a0 \u00a0 \u00a0 5-14<br \/>Edge sealing\u00a0 \u00a0 \u00a0 \u00a0 \u00a0 \u00a0 \u00a0 \u00a0 \u00a0 \u00a0 \u00a0 \u00a0 \u00a0 \u00a0 \u00a0 \u00a0 \u00a0 \u00a0 \u00a0 \u00a0 \u00a0 \u00a0 \u00a0 \u00a0 \u00a0 \u00a0 \u00a0 Special waterproof acrylic based paint<\/p>\n\n<\/div>\n<div id=\"tab_mukavemet-\u00d6zellikleri\" class=\"panel entry-content\" role=\"tabpanel\" aria-labelledby=\"tab-mukavemet-\u00d6zellikleri\">\n\n<p>Ultimate static bending strength, min MPa, Thickness, mm &#8211; 9-40<\/p>\n<p>along the grain of face veneers\u00a0 \u00a0 \u00a0 \u00a0 \u00a0 \u00a0 \u00a0 \u00a0 \u00a0 \u00a0 \u00a0 \u00a0 \u00a0 \u00a0 \u00a0 \u00a0 \u00a0 \u00a0 \u00a0 \u00a0 \u00a0 \u00a0 \u00a0 \u00a0 \u00a060<\/p>\n<p><br \/>against the grain of face veneers\u00a0 \u00a0 \u00a0 \u00a0 \u00a0 \u00a0 \u00a0 \u00a0 \u00a0 \u00a0 \u00a0 \u00a0 \u00a0 \u00a0 \u00a0 \u00a0 \u00a0 \u00a0 \u00a0 \u00a0 \u00a0 \u00a0 \u00a0 30<\/p>\n<p><br \/>Ultimate tensile strength along the grain, min MPa, Thickness, mm &#8211; 3-8<br \/>\u00a0 \u00a0 \u00a0 \u00a0 \u00a0 \u00a0 \u00a0 \u00a0 \u00a0 \u00a0 \u00a0 \u00a0 \u00a0 \u00a0 \u00a0 \u00a0 \u00a0 \u00a0 \u00a0 \u00a0 \u00a0 \u00a0 \u00a0 \u00a0 \u00a0 \u00a0 \u00a0 \u00a0 \u00a0 \u00a0 \u00a0 \u00a0 \u00a0 \u00a0 \u00a0 \u00a0 \u00a0 \u00a0 \u00a0 \u00a0 \u00a0 \u00a0 \u00a0 \u00a0 \u00a0 \u00a0 \u00a0 \u00a0 \u00a0 30<br \/>Static bending elasticity modulus, min MPa, Thickness, mm &#8211; 9-40<\/p>\n<p><br \/>along the grain\u00a0 \u00a0 \u00a0 \u00a0 \u00a0 \u00a0 \u00a0 \u00a0 \u00a0 \u00a0 \u00a0 \u00a0 \u00a0 \u00a0 \u00a0 \u00a0 \u00a0 \u00a0 \u00a0 \u00a0 \u00a0 \u00a0 \u00a0 \u00a0 \u00a0 \u00a0 \u00a0 \u00a0 \u00a0 \u00a0 \u00a0 \u00a0 \u00a0 \u00a0 \u00a0 \u00a0 \u00a0 6000<\/p>\n<p>\u00a0<br \/>against the grain\u00a0 \u00a0 \u00a0 \u00a0 \u00a0 \u00a0 \u00a0 \u00a0 \u00a0 \u00a0 \u00a0 \u00a0 \u00a0 \u00a0 \u00a0 \u00a0 \u00a0 \u00a0 \u00a0 \u00a0 \u00a0 \u00a0 \u00a0 \u00a0 \u00a0 \u00a0 \u00a0 \u00a0 \u00a0 \u00a0 \u00a0 \u00a0 \u00a0 \u00a0 \u00a0 \u00a03000<\/p>\n\n<\/div><\/div><\/div>\n\n\t\t<\/div>\n\t\t\t\t\t<\/div>\n\n\t\n\n<\/div>\n\n","protected":false},"excerpt":{"rendered":"","protected":false},"author":1,"featured_media":0,"parent":0,"menu_order":0,"comment_status":"closed","ping_status":"closed","template":"page-blank.php","meta":{"footnotes":""},"class_list":["post-619","page","type-page","status-publish","hentry"],"_links":{"self":[{"href":"https:\/\/woodmaterials.net\/en\/wp-json\/wp\/v2\/pages\/619","targetHints":{"allow":["GET"]}}],"collection":[{"href":"https:\/\/woodmaterials.net\/en\/wp-json\/wp\/v2\/pages"}],"about":[{"href":"https:\/\/woodmaterials.net\/en\/wp-json\/wp\/v2\/types\/page"}],"author":[{"embeddable":true,"href":"https:\/\/woodmaterials.net\/en\/wp-json\/wp\/v2\/users\/1"}],"replies":[{"embeddable":true,"href":"https:\/\/woodmaterials.net\/en\/wp-json\/wp\/v2\/comments?post=619"}],"version-history":[{"count":3,"href":"https:\/\/woodmaterials.net\/en\/wp-json\/wp\/v2\/pages\/619\/revisions"}],"predecessor-version":[{"id":770,"href":"https:\/\/woodmaterials.net\/en\/wp-json\/wp\/v2\/pages\/619\/revisions\/770"}],"wp:attachment":[{"href":"https:\/\/woodmaterials.net\/en\/wp-json\/wp\/v2\/media?parent=619"}],"curies":[{"name":"wp","href":"https:\/\/api.w.org\/{rel}","templated":true}]}}