{"id":616,"date":"2024-09-26T23:38:30","date_gmt":"2024-09-26T20:38:30","guid":{"rendered":"https:\/\/woodmaterials.net\/sveza-deck-350\/"},"modified":"2026-03-16T18:05:19","modified_gmt":"2026-03-16T15:05:19","slug":"sveza-deck-350","status":"publish","type":"page","link":"https:\/\/woodmaterials.net\/en\/sveza-deck-350\/","title":{"rendered":"SVEZA DECK 350"},"content":{"rendered":"\n  <div id=\"page-header-1896385715\" class=\"page-header-wrapper\">\n  <div class=\"page-title dark featured-title\">\n\n    \n    <div class=\"page-title-inner container align-center flex-row medium-flex-wrap\" >\n              <div class=\"title-wrapper flex-col text-left medium-text-center\">\n          <h1 class=\"entry-title mb-0\">\n            SVEZA DECK 350          <\/h1>\n        <\/div>\n                    <div class=\"title-content flex-col flex-right text-right medium-text-center\">\n        <div class=\"title-breadcrumbs pb-half pt-half\"><\/div>      <\/div>\n    <\/div>\n\n       <\/div>\n    <\/div>\n  \n\n<div class=\"is-divider divider clearfix\" ><\/div>\n\n<div class=\"row\"  id=\"row-4033193\">\n\n\n\t<div id=\"col-499679844\" class=\"col medium-5 small-12 large-5\"  >\n\t\t\t\t<div class=\"col-inner\"  >\n\t\t\t\n\t\t\t\n\n\t<div class=\"img has-hover x md-x lg-x y md-y lg-y\" id=\"image_1193423731\">\n\t\t\t\t\t\t\t\t<div class=\"img-inner dark\" >\n\t\t\t<img loading=\"lazy\" decoding=\"async\" width=\"960\" height=\"960\" src=\"https:\/\/woodmaterials.net\/wp-content\/uploads\/2024\/09\/311.png\" class=\"attachment-original size-original\" alt=\"\" srcset=\"https:\/\/woodmaterials.net\/wp-content\/uploads\/2024\/09\/311.png 960w, https:\/\/woodmaterials.net\/wp-content\/uploads\/2024\/09\/311-300x300.png 300w, https:\/\/woodmaterials.net\/wp-content\/uploads\/2024\/09\/311-150x150.png 150w, https:\/\/woodmaterials.net\/wp-content\/uploads\/2024\/09\/311-768x768.png 768w\" sizes=\"auto, (max-width: 960px) 100vw, 960px\" \/>\t\t\t\t\t\t\n\t\t\t\t\t<\/div>\n\t\t\t\t\t\t\t\t\n<style>\n#image_1193423731 {\n  width: 100%;\n}\n<\/style>\n\t<\/div>\n\t\n\n\n\t\t<\/div>\n\t\t\t\t\t<\/div>\n\n\t\n\n\t<div id=\"col-1623593504\" class=\"col medium-7 small-12 large-7\"  >\n\t\t\t\t<div class=\"col-inner\"  >\n\t\t\t\n\t\t\t\n\n<div class=\"container section-title-container\" ><h3 class=\"section-title section-title-normal\"><b><\/b><span class=\"section-title-main\" >SVEZA DECK 350<\/span><b><\/b><\/h3><\/div>\n\n<p><span class=\"jCAhz ChMk0b\"><span class=\"ryNqvb\">SVEZA Deck 350, d\u00f6\u015feme kal\u0131plar\u0131 i\u00e7in tasarlanm\u0131\u015f, \u0131zgara desenli, film kapl\u0131 \u00f6zel bir kontrplakt\u0131r.<\/span><\/span><span class=\"jCAhz ChMk0b\"><span class=\"ryNqvb\">25, 50 ve 100 mm&#8217;lik \u0131zgara desenleriyle birlikte gelir.<\/span><\/span><span class=\"jCAhz ChMk0b\"><span class=\"ryNqvb\">Bu t\u00fcr \u00e7izgiler kontrplak i\u015faretleme ve kesmenin yan\u0131 s\u0131ra in\u015faat demiri yerle\u015ftirmeyi de kolayla\u015ft\u0131r\u0131r.<\/span><\/span><span class=\"jCAhz ChMk0b\"><span class=\"ryNqvb\">Bu, \u015fantiyedeki i\u015f\u00e7ilik maliyetlerinin azalt\u0131lmas\u0131na olanak tan\u0131r.<\/span><\/span><\/p>\n<p><span class=\"jCAhz ChMk0b\"><span class=\"ryNqvb\">Plywood&#8217;un yerle\u015fim \u0131zgaral\u0131 \u00fcretim s\u00fcreci patentlidir.<\/span><\/span><\/p>\n<p><span class=\"jCAhz ChMk0b\"><span class=\"ryNqvb\">SVEZA Deck 350, %100 hu\u015f kaplamadan yap\u0131lm\u0131\u015f y\u00fcksek mukavemetli bir kontrplakt\u0131r, t\u00fcm katmanlar p\u00fcr\u00fczs\u00fczd\u00fcr, i\u00e7inde bo\u015fluk yoktur.<\/span><\/span><span class=\"jCAhz ChMk0b\"><span class=\"ryNqvb\">Kenarlar\u0131 su ge\u00e7irgenli\u011fi d\u00fc\u015f\u00fck, akrilat bazl\u0131 \u00f6zel su bazl\u0131 boya ile kaplanm\u0131\u015ft\u0131r.<\/span><\/span><\/p>\n<p><span class=\"jCAhz ChMk0b\"><span class=\"ryNqvb\">SVEZA Deck 350&#8217;nin y\u00fczeyi p\u00fcr\u00fczs\u00fczd\u00fcr ve a\u015f\u0131nmaya dayan\u0131kl\u0131 filmle kaplanm\u0131\u015ft\u0131r (a\u015f\u0131nma kapasitesi 350 Taber test d\u00f6n\u00fc\u015f\u00fcd\u00fcr).<\/span><\/span><\/p>\n<p><span class=\"jCAhz ChMk0b\"><span class=\"ryNqvb\">RF 01.20.15 Faydal\u0131 Modeller Devlet Siciline kay\u0131tl\u0131, RF patent numaras\u0131 150519.<\/span><\/span><\/p>\n\n\t\t<\/div>\n\t\t\t\t\t<\/div>\n\n\t\n\n<\/div>\n<div class=\"row\"  id=\"row-2029090033\">\n\n\n\t<div id=\"col-1516009484\" class=\"col small-12 large-12\"  >\n\t\t\t\t<div class=\"col-inner\"  >\n\t\t\t\n\t\t\t\n\n\n\t\t<div class=\"tabbed-content\">\n\t\t\t\n\t\t\t<ul class=\"nav nav-tabs nav-uppercase nav-size-normal nav-left\" role=\"tablist\"><li id=\"tab-tekn\u0130k-\u00d6zell\u0130kler\u0130\" class=\"tab active has-icon\" role=\"presentation\"><a href=\"#tab_tekn\u0130k-\u00d6zell\u0130kler\u0130\" role=\"tab\" aria-selected=\"true\" aria-controls=\"tab_tekn\u0130k-\u00d6zell\u0130kler\u0130\"><span>TEKN\u0130K \u00d6ZELL\u0130KLER\u0130<\/span><\/a><\/li>\n<li id=\"tab-mukavemet-\u00d6zellikleri\" class=\"tab has-icon\" role=\"presentation\"><a href=\"#tab_mukavemet-\u00d6zellikleri\" tabindex=\"-1\" role=\"tab\" aria-selected=\"false\" aria-controls=\"tab_mukavemet-\u00d6zellikleri\"><span>Mukavemet \u00d6zellikleri<\/span><\/a><\/li><\/ul><div class=\"tab-panels\"><div id=\"tab_tekn\u0130k-\u00d6zell\u0130kler\u0130\" class=\"panel active entry-content\" role=\"tabpanel\" aria-labelledby=\"tab-tekn\u0130k-\u00d6zell\u0130kler\u0130\">\n\n<p><span class=\"jCAhz ChMk0b\"><span class=\"ryNqvb\">Standart boyutlar, mm (ft)\u00a0 \u00a0 \u00a0 \u00a0 \u00a0 \u00a0 \u00a0 \u00a0 \u00a0 \u00a0 \u00a0 \u00a0 \u00a0 \u00a0 \u00a0 \u00a0 \u00a0 \u00a0 \u00a0 \u00a0 \u00a0 \u00a0 \u00a0 \u00a0 \u00a0 \u00a0 \u00a0 \u00a0 \u00a0 \u00a0 \u00a0 \u00a0 \u00a0 \u00a0 \u00a01220\u04452440\u04451220 (4\u04458\u04454),\u00a0 \u00a0 \u00a0 \u00a0 \u00a0 \u00a0 \u00a0 \u00a0 \u00a0 \u00a0 \u00a0 \u00a0 \u00a0 \u00a0 \u00a0 \u00a0 \u00a0 \u00a0 \u00a0 \u00a0 \u00a0 \u00a0 \u00a0 \u00a0 \u00a0 \u00a0 \u00a0 \u00a0 \u00a0 \u00a0 \u00a0 \u00a0 \u00a0 \u00a0 \u00a0 \u00a0 \u00a0 \u00a0 \u00a0 \u00a0 \u00a0 \u00a0 \u00a0 \u00a0 \u00a0 \u00a0 \u00a0 \u00a0 \u00a0 \u00a0 \u00a0 \u00a0 \u00a0 \u00a0 \u00a0 \u00a0 \u00a0 \u00a01250\u04452500\u04451250 (4\u04458) x4)<\/span><\/span><\/p>\n<p><span class=\"jCAhz ChMk0b\"><span class=\"ryNqvb\">Standart kal\u0131nl\u0131k, mm\u00a0 \u00a0 \u00a0 \u00a0 \u00a0 \u00a0 \u00a0 \u00a0 \u00a0 \u00a0 \u00a0 \u00a0 \u00a0 \u00a0 \u00a0 \u00a0 \u00a0 \u00a0 \u00a0 \u00a0 \u00a0 \u00a0 \u00a0 \u00a0 \u00a0 \u00a0 \u00a0 \u00a0 \u00a0 \u00a0 \u00a0 \u00a0 \u00a0 \u00a0 \u00a0 \u00a0 \u00a0 \u00a0 \u00a012, 15, 18, 21<\/span><\/span><\/p>\n<p><span class=\"jCAhz ChMk0b\"><span class=\"ryNqvb\">Y\u00fczey t\u00fcr\u00fc p\u00fcr\u00fczs\u00fcz\u00a0 \u00a0 \u00a0 \u00a0 \u00a0 \u00a0 \u00a0 \u00a0 \u00a0 \u00a0 \u00a0 \u00a0 \u00a0 \u00a0 \u00a0 \u00a0 \u00a0 \u00a0 \u00a0 \u00a0 \u00a0 \u00a0 \u00a0 \u00a0 \u00a0 \u00a0 \u00a0 \u00a0 \u00a0 \u00a0 \u00a0 \u00a0 \u00a0 \u00a0 \u00a0 \u00a0 \u00a0 \u00a0 \u00a0 (F\/F)<\/span><\/span><\/p>\n<p><span class=\"jCAhz ChMk0b\"><span class=\"ryNqvb\">Film yo\u011funlu\u011fu, g\/m2\u00a0 \u00a0 \u00a0 \u00a0 \u00a0 \u00a0 \u00a0 \u00a0 \u00a0 \u00a0 \u00a0 \u00a0 \u00a0 \u00a0 \u00a0 \u00a0 \u00a0 \u00a0 \u00a0 \u00a0 \u00a0 \u00a0 \u00a0 \u00a0 \u00a0 \u00a0 \u00a0 \u00a0 \u00a0 \u00a0 \u00a0 \u00a0 \u00a0 \u00a0 \u00a0 \u00a0 \u00a0 \u00a0120<\/span><\/span><\/p>\n<p><span class=\"jCAhz ChMk0b\"><span class=\"ryNqvb\">Filmin a\u015f\u0131nma direnci, Taber a\u015f\u0131nma testindeki d\u00f6ng\u00fcler\u00a0 \u00a0 \u00a0 \u00a0 \u00a0 \u00a0 \u00a0 \u00a0 \u00a0 \u00a0 \u00a0 350<\/span><\/span><\/p>\n<p><span class=\"jCAhz ChMk0b\"><span class=\"ryNqvb\">Formaldehit emisyon s\u0131n\u0131f\u0131\u00a0 \u00a0 \u00a0 \u00a0 \u00a0 \u00a0 \u00a0 \u00a0 \u00a0 \u00a0 \u00a0 \u00a0 \u00a0 \u00a0 \u00a0 \u00a0 \u00a0 \u00a0 \u00a0 \u00a0 \u00a0 \u00a0 \u00a0 \u00a0 \u00a0 \u00a0 \u00a0 \u00a0 \u00a0 \u00a0 \u00a0 \u00a0 \u00a0 \u00a0 \u00a0E1<\/span><\/span><\/p>\n<p><span class=\"jCAhz ChMk0b\"><span class=\"ryNqvb\">Tutkal t\u00fcr\u00fc\u00a0 \u00a0 \u00a0 \u00a0 \u00a0 \u00a0 \u00a0 \u00a0 \u00a0 \u00a0 \u00a0 \u00a0 \u00a0 \u00a0 \u00a0 \u00a0 \u00a0 \u00a0 \u00a0 \u00a0 \u00a0 \u00a0 \u00a0 \u00a0 \u00a0 \u00a0 \u00a0 \u00a0 \u00a0 \u00a0 \u00a0 \u00a0 \u00a0 \u00a0 \u00a0 \u00a0 \u00a0 \u00a0 \u00a0 \u00a0 \u00a0 \u00a0 \u00a0 \u00a0 \u00a0 \u00a0 \u00a0d\u0131\u015f (WBP)<\/span><\/span><\/p>\n<p><span class=\"jCAhz ChMk0b\"><span class=\"ryNqvb\">Yo\u011funluk,\u00a0<\/span><\/span><span class=\"jCAhz ChMk0b\"><span class=\"ryNqvb\">kg\/m3\u00a0 \u00a0 \u00a0 \u00a0 \u00a0 \u00a0 \u00a0 \u00a0 \u00a0 \u00a0 \u00a0 \u00a0 \u00a0 \u00a0 \u00a0 \u00a0 \u00a0 \u00a0 \u00a0 \u00a0 \u00a0 \u00a0 \u00a0 \u00a0 \u00a0 \u00a0 \u00a0 \u00a0 \u00a0 \u00a0 \u00a0 \u00a0 \u00a0 \u00a0 \u00a0 \u00a0 \u00a0 \u00a0 \u00a0 \u00a0 \u00a0 \u00a0640-700<\/span><\/span><\/p>\n<p><span class=\"jCAhz ChMk0b\"><span class=\"ryNqvb\">Nem i\u00e7eri\u011fi, %\u00a0 \u00a0 \u00a0 \u00a0 \u00a0 \u00a0 \u00a0 \u00a0 \u00a0 \u00a0 \u00a0 \u00a0 \u00a0 \u00a0 \u00a0 \u00a0 \u00a0 \u00a0 \u00a0 \u00a0 \u00a0 \u00a0 \u00a0 \u00a0 \u00a0 \u00a0 \u00a0 \u00a0 \u00a0 \u00a0 \u00a0 \u00a0 \u00a0 \u00a0 \u00a0 \u00a0 \u00a0 \u00a0 \u00a0 \u00a0 \u00a0 \u00a0 \u00a0 \u00a05-14<\/span><\/span><\/p>\n<p><span class=\"jCAhz ChMk0b\"><span class=\"ryNqvb\">Kenar yal\u0131t\u0131m\u0131\u00a0 \u00a0 \u00a0 \u00a0 \u00a0 \u00a0 \u00a0 \u00a0 \u00a0 \u00a0 \u00a0 \u00a0 \u00a0 \u00a0 \u00a0 \u00a0 \u00a0 \u00a0 \u00a0 \u00a0 \u00a0 \u00a0 \u00a0 \u00a0 \u00a0 \u00a0 \u00a0 \u00a0 \u00a0 \u00a0 \u00a0 \u00a0 \u00a0 \u00a0 \u00a0 \u00a0 \u00a0 \u00a0 \u00a0 \u00a0 \u00a0 \u00a0 \u00a0 \u00a0 su bazl\u0131 akrilik boya<\/span><\/span><\/p>\n\n<\/div>\n<div id=\"tab_mukavemet-\u00d6zellikleri\" class=\"panel entry-content\" role=\"tabpanel\" aria-labelledby=\"tab-mukavemet-\u00d6zellikleri\">\n\n<p class=\"col-lg-6\"><strong><span class=\"jCAhz ChMk0b\"><span class=\"ryNqvb\">\u00dcst\u00fcn statik b\u00fck\u00fclme mukavemeti, min MPa<\/span><\/span><\/strong><\/p>\n<p class=\"col-lg-6\"><span class=\"jCAhz ChMk0b\"><span class=\"ryNqvb\">y\u00fcz kaplamalar\u0131n\u0131n damar\u0131 boyunca\u00a0 \u00a0 \u00a0 \u00a0 \u00a0 \u00a0 \u00a0 \u00a0 \u00a0 \u00a0 \u00a0 \u00a0 \u00a0 \u00a0 \u00a060<\/span><\/span><\/p>\n<p class=\"col-lg-6\"><span class=\"jCAhz ChMk0b\"><span class=\"ryNqvb\">y\u00fcz kaplamalar\u0131n\u0131n dokusuna kar\u015f\u0131\u00a0 \u00a0 \u00a0 \u00a0 \u00a0 \u00a0 \u00a0 \u00a0 \u00a0 \u00a0 \u00a0 \u00a0 \u00a0 \u00a0 \u00a0 30<\/span><\/span><\/p>\n<p class=\"col-lg-6\"><strong><span class=\"jCAhz ChMk0b\"><span class=\"ryNqvb\">Statik b\u00fck\u00fclme elastikiyet mod\u00fcl\u00fc, min MPa<\/span><\/span><\/strong><\/p>\n<p class=\"col-lg-6\"><span class=\"jCAhz ChMk0b\"><span class=\"ryNqvb\">damar boyunca\u00a0 \u00a0 \u00a0 \u00a0 \u00a0 \u00a0 \u00a0 \u00a0 \u00a0 \u00a0 \u00a0 \u00a0 \u00a0 \u00a0 \u00a0 \u00a0 \u00a0 \u00a0 \u00a0 \u00a0 \u00a0 \u00a0 \u00a0 \u00a0 \u00a0 \u00a0 \u00a0 \u00a0 \u00a0 \u00a0 6000<\/span><\/span><\/p>\n<p class=\"col-lg-6\"><span class=\"jCAhz ChMk0b\"><span class=\"ryNqvb\">ters y\u00f6nde\u00a0 \u00a0 \u00a0 \u00a0 \u00a0 \u00a0 \u00a0 \u00a0 \u00a0 \u00a0 \u00a0 \u00a0 \u00a0 \u00a0 \u00a0 \u00a0 \u00a0 \u00a0 \u00a0 \u00a0 \u00a0 \u00a0 \u00a0 \u00a0 \u00a0 \u00a0 \u00a0 \u00a0 \u00a0 \u00a0 \u00a0 \u00a0 \u00a0 \u00a0 3000<\/span><\/span><\/p>\n\n<\/div><\/div><\/div>\n\n\t\t<\/div>\n\t\t\t\t\t<\/div>\n\n\t\n\n<\/div>\n\n","protected":false},"excerpt":{"rendered":"","protected":false},"author":1,"featured_media":0,"parent":0,"menu_order":0,"comment_status":"closed","ping_status":"closed","template":"page-blank.php","meta":{"footnotes":""},"class_list":["post-616","page","type-page","status-publish","hentry"],"_links":{"self":[{"href":"https:\/\/woodmaterials.net\/en\/wp-json\/wp\/v2\/pages\/616","targetHints":{"allow":["GET"]}}],"collection":[{"href":"https:\/\/woodmaterials.net\/en\/wp-json\/wp\/v2\/pages"}],"about":[{"href":"https:\/\/woodmaterials.net\/en\/wp-json\/wp\/v2\/types\/page"}],"author":[{"embeddable":true,"href":"https:\/\/woodmaterials.net\/en\/wp-json\/wp\/v2\/users\/1"}],"replies":[{"embeddable":true,"href":"https:\/\/woodmaterials.net\/en\/wp-json\/wp\/v2\/comments?post=616"}],"version-history":[{"count":6,"href":"https:\/\/woodmaterials.net\/en\/wp-json\/wp\/v2\/pages\/616\/revisions"}],"predecessor-version":[{"id":1000,"href":"https:\/\/woodmaterials.net\/en\/wp-json\/wp\/v2\/pages\/616\/revisions\/1000"}],"wp:attachment":[{"href":"https:\/\/woodmaterials.net\/en\/wp-json\/wp\/v2\/media?parent=616"}],"curies":[{"name":"wp","href":"https:\/\/api.w.org\/{rel}","templated":true}]}}