{"id":556,"date":"2024-09-29T21:37:18","date_gmt":"2024-09-29T18:37:18","guid":{"rendered":"https:\/\/woodmaterials.net\/h20-kingbeams\/"},"modified":"2024-11-22T17:27:46","modified_gmt":"2024-11-22T14:27:46","slug":"h20-kingbeams","status":"publish","type":"page","link":"https:\/\/woodmaterials.net\/en\/h20-kingbeams\/","title":{"rendered":"H20 KINGBEAMS"},"content":{"rendered":"\n  <div id=\"page-header-2081568921\" class=\"page-header-wrapper\">\n  <div class=\"page-title dark featured-title\">\n\n    \n    <div class=\"page-title-inner container align-center flex-row medium-flex-wrap\" >\n              <div class=\"title-wrapper flex-col text-left medium-text-center\">\n          <h1 class=\"entry-title mb-0\">\n            H20 KINGBEAMS          <\/h1>\n        <\/div>\n                    <div class=\"title-content flex-col flex-right text-right medium-text-center\">\n        <div class=\"title-breadcrumbs pb-half pt-half\"><\/div>      <\/div>\n    <\/div>\n\n       <\/div>\n    <\/div>\n  \n\n<div class=\"is-divider divider clearfix\" ><\/div>\n\n<div class=\"row\"  id=\"row-1420855625\">\n\n\n\t<div id=\"col-345037979\" class=\"col medium-5 small-12 large-5\"  >\n\t\t\t\t<div class=\"col-inner\"  >\n\t\t\t\n\t\t\t\n\n\t<div class=\"img has-hover x md-x lg-x y md-y lg-y\" id=\"image_1809306444\">\n\t\t\t\t\t\t\t\t<div class=\"img-inner dark\" >\n\t\t\t<img loading=\"lazy\" decoding=\"async\" width=\"570\" height=\"428\" src=\"https:\/\/woodmaterials.net\/wp-content\/uploads\/2024\/11\/h20-kingbeams.jpg\" class=\"attachment-large size-large\" alt=\"H20 Kingbeams\" srcset=\"https:\/\/woodmaterials.net\/wp-content\/uploads\/2024\/11\/h20-kingbeams.jpg 570w, https:\/\/woodmaterials.net\/wp-content\/uploads\/2024\/11\/h20-kingbeams-300x225.jpg 300w\" sizes=\"auto, (max-width: 570px) 100vw, 570px\" \/>\t\t\t\t\t\t\n\t\t\t\t\t<\/div>\n\t\t\t\t\t\t\t\t\n<style>\n#image_1809306444 {\n  width: 100%;\n}\n<\/style>\n\t<\/div>\n\t\n\n\n\t\t<\/div>\n\t\t\t\t\t<\/div>\n\n\t\n\n\t<div id=\"col-1235823534\" class=\"col medium-7 small-12 large-7\"  >\n\t\t\t\t<div class=\"col-inner\"  >\n\t\t\t\n\t\t\t\n\n<div class=\"container section-title-container\" ><h3 class=\"section-title section-title-normal\"><b><\/b><span class=\"section-title-main\" >H20 KINGBEAMS<\/span><b><\/b><\/h3><\/div>\n\n\t<div id=\"text-145507094\" class=\"text\">\n\t\t\n\n<div class=\"t396__elem tn-elem tn-elem__7063070641706627049343\" data-elem-id=\"1706627049343\" data-elem-type=\"text\" data-field-top-value=\"10\" data-field-left-value=\"599\" data-field-width-value=\"601\" data-field-axisy-value=\"top\" data-field-axisx-value=\"left\" data-field-container-value=\"grid\" data-field-topunits-value=\"px\" data-field-leftunits-value=\"px\" data-field-heightunits-value=\"\" data-field-widthunits-value=\"px\" data-field-width-res-320-value=\"310\" data-field-top-res-480-value=\"0\" data-field-left-res-480-value=\"10\" data-field-width-res-480-value=\"456\" data-field-top-res-640-value=\"0\" data-field-left-res-640-value=\"286\" data-field-width-res-640-value=\"346\" data-field-left-res-960-value=\"481\" data-field-width-res-960-value=\"478\" data-fields=\"top,left,width,container,axisx,axisy,widthunits,leftunits,topunits\">\n<h2 class=\"tn-atom\">Kal\u0131p kiri\u015fleri<\/h2>\n<\/div>\n<div class=\"t396__elem tn-elem tn-elem__7063070641706626707761\" data-elem-id=\"1706626707761\" data-elem-type=\"text\" data-field-top-value=\"151\" data-field-left-value=\"599\" data-field-width-value=\"601\" data-field-axisy-value=\"top\" data-field-axisx-value=\"left\" data-field-container-value=\"grid\" data-field-topunits-value=\"px\" data-field-leftunits-value=\"px\" data-field-heightunits-value=\"\" data-field-widthunits-value=\"px\" data-field-top-res-320-value=\"97\" data-field-width-res-320-value=\"320\" data-field-top-res-480-value=\"115\" data-field-left-res-480-value=\"0\" data-field-width-res-480-value=\"480\" data-field-top-res-640-value=\"72\" data-field-left-res-640-value=\"286\" data-field-width-res-640-value=\"346\" data-field-top-res-960-value=\"122\" data-field-left-res-960-value=\"481\" data-field-width-res-960-value=\"478\" data-fields=\"top,left,width,container,axisx,axisy,widthunits,leftunits,topunits\">\n<div class=\"tn-atom\">&#8211; De\u011fi\u015fik betonarme kal\u0131p uygulamalar\u0131nda uyum kolayl\u0131\u011f\u0131 sa\u011flayarak avantajlar sa\u011flar.<br \/>&#8211; Kullan\u0131m \u00f6mr\u00fc geleneksel ah\u015fap elemanlara g\u00f6re uzundur ve dayan\u0131kl\u0131d\u0131r.<br \/>&#8211; \u00dcretim kesiti standartt\u0131r, boyu projeye \u00f6zel \u00fcretilebilmektedir.<br \/>&#8211; A\u011f\u0131r kullan\u0131m \u015fartlar\u0131nda \u015feklini korur.<br \/>&#8211; Kaliteli tutkal kullan\u0131m\u0131 sayesinde uzun \u00f6m\u00fcrl\u00fcd\u00fcr.<br \/>&#8211; Yuvarlat\u0131lm\u0131\u015f u\u00e7lar k\u0131r\u0131lmay\u0131 zorla\u015ft\u0131r\u0131r.<br \/>&#8211; Hafiftir.<br \/>&#8211; Her t\u00fcrl\u00fc projeye uygulanabilir.<br \/>&#8211; Betonarme d\u00f6\u015feme, betonarme perde, betonarme kolonlar\u0131n kal\u0131plar\u0131nda kullan\u0131labilir.<br \/>&#8211; Kullan\u0131m \u00f6mr\u00fc uzundur ve dayan\u0131kl\u0131d\u0131r.<br \/>&#8211; \u00dcretim boyutlar\u0131 standartt\u0131r.<br \/>&#8211; Kullan\u0131m s\u00fcresi ve kullan\u0131m alanlar\u0131 d\u00fc\u015f\u00fcn\u00fcld\u00fc\u011f\u00fcnde ekonomiktir.<br \/>&#8211; \u00c7evre ve orman dostudur.<\/div>\n<\/div>\n\t\t\n<style>\n#text-145507094 {\n  line-height: 1.05;\n}\n<\/style>\n\t<\/div>\n\t\n\n\t\t<\/div>\n\t\t\t\t\t<\/div>\n\n\t\n\n<\/div>\n<div class=\"row\"  id=\"row-1101487414\">\n\n\n\t<div id=\"col-474313152\" class=\"col small-12 large-12\"  >\n\t\t\t\t<div class=\"col-inner\"  >\n\t\t\t\n\t\t\t\n\n\n\t\t<div class=\"tabbed-content\">\n\t\t\t\n\t\t\t<ul class=\"nav nav-tabs nav-uppercase nav-size-normal nav-left\" role=\"tablist\"><li id=\"tab-tekn\u0130k-\u00d6zell\u0130kler\u0130\" class=\"tab active has-icon\" role=\"presentation\"><a href=\"#tab_tekn\u0130k-\u00d6zell\u0130kler\u0130\" role=\"tab\" aria-selected=\"true\" aria-controls=\"tab_tekn\u0130k-\u00d6zell\u0130kler\u0130\"><span>TEKN\u0130K \u00d6ZELL\u0130KLER\u0130<\/span><\/a><\/li>\n<li id=\"tab-mukavemet-\u00d6zellikleri\" class=\"tab has-icon\" role=\"presentation\"><a href=\"#tab_mukavemet-\u00d6zellikleri\" tabindex=\"-1\" role=\"tab\" aria-selected=\"false\" aria-controls=\"tab_mukavemet-\u00d6zellikleri\"><span>Mukavemet \u00d6zellikleri<\/span><\/a><\/li><\/ul><div class=\"tab-panels\"><div id=\"tab_tekn\u0130k-\u00d6zell\u0130kler\u0130\" class=\"panel active entry-content\" role=\"tabpanel\" aria-labelledby=\"tab-tekn\u0130k-\u00d6zell\u0130kler\u0130\">\n\n<h3 class=\"t1008__title t-name t-name_lg\">Kontrplak kal\u0131nl\u0131\u011f\u0131<\/h3>\n<div class=\"t1008__descr t-descr t-descr_xs\">Kiri\u015f duvar malzemesi &#8211; \u00fc\u00e7 katmanl\u0131 tahta 27mm<\/p>\n<h3 class=\"t1008__title t-name t-name_lg\">Koruma<\/h3>\n<div class=\"t1008__descr t-descr t-descr_xs\">Koruyucu plastik u\u00e7<\/div>\n<div class=\"t1008__descr t-descr t-descr_xs\">\n<div class=\"t1008__textwrapper t-cell t-valign_top\">\n<h3 class=\"t1008__title t-name t-name_lg\">Pratiklik<\/h3>\n<div class=\"t1008__descr t-descr t-descr_xs\">Cihaz\u0131 kapatmak ve kiri\u015f-k\u0131\u00e7 yat\u0131rmas\u0131 kal\u0131b\u0131n\u0131n sabitlenmesi i\u00e7in delik<\/div>\n<\/div>\n<div class=\"t1008__iconwrapper t-cell t-valign_top\">\n<h3 class=\"t1008__title t-name t-name_lg\">Boyal\u0131<\/h3>\n<div class=\"t1008__descr t-descr t-descr_xs\">Kal\u0131p kiri\u015fi su yal\u0131t\u0131m boyas\u0131 ile boyanm\u0131\u015ft\u0131r<\/div>\n<div class=\"t1008__descr t-descr t-descr_xs\">\n<h3 class=\"t1008__title t-name t-name_lg\">Ah\u015fap s\u0131n\u0131f\u0131<\/h3>\n<div class=\"t1008__descr t-descr t-descr_xs\">Kiri\u015f raflar\u0131n\u0131n malzemesi, y\u0131ll\u0131k halka yo\u011funlu\u011fu y\u00fcksek olan kuzey b\u00f6lgelerdeki i\u011fne yaprakl\u0131 t\u00fcrlerdir.<\/div>\n<div class=\"t1008__descr t-descr t-descr_xs\">\n<h3 class=\"t1008__title t-name t-name_lg\">Yap\u0131\u015ft\u0131r\u0131c\u0131<\/h3>\n<div class=\"t1008__descr t-descr t-descr_xs\">Kiri\u015f duvar\u0131 poli\u00fcretan yap\u0131\u015ft\u0131r\u0131c\u0131 ile yap\u0131\u015ft\u0131r\u0131lm\u0131\u015ft\u0131r<\/div>\n<\/div>\n<\/div>\n<\/div>\n<\/div>\n<\/div>\n\n<\/div>\n<div id=\"tab_mukavemet-\u00d6zellikleri\" class=\"panel entry-content\" role=\"tabpanel\" aria-labelledby=\"tab-mukavemet-\u00d6zellikleri\">\n\n<p><b>&#8230;&#8230;<\/b><\/p>\n\n<\/div><\/div><\/div>\n\n\t\t<\/div>\n\t\t\t\t\t<\/div>\n\n\t\n\n<\/div>\n\n","protected":false},"excerpt":{"rendered":"","protected":false},"author":1,"featured_media":0,"parent":0,"menu_order":0,"comment_status":"closed","ping_status":"closed","template":"page-blank.php","meta":{"footnotes":""},"class_list":["post-556","page","type-page","status-publish","hentry"],"_links":{"self":[{"href":"https:\/\/woodmaterials.net\/en\/wp-json\/wp\/v2\/pages\/556","targetHints":{"allow":["GET"]}}],"collection":[{"href":"https:\/\/woodmaterials.net\/en\/wp-json\/wp\/v2\/pages"}],"about":[{"href":"https:\/\/woodmaterials.net\/en\/wp-json\/wp\/v2\/types\/page"}],"author":[{"embeddable":true,"href":"https:\/\/woodmaterials.net\/en\/wp-json\/wp\/v2\/users\/1"}],"replies":[{"embeddable":true,"href":"https:\/\/woodmaterials.net\/en\/wp-json\/wp\/v2\/comments?post=556"}],"version-history":[{"count":6,"href":"https:\/\/woodmaterials.net\/en\/wp-json\/wp\/v2\/pages\/556\/revisions"}],"predecessor-version":[{"id":1224,"href":"https:\/\/woodmaterials.net\/en\/wp-json\/wp\/v2\/pages\/556\/revisions\/1224"}],"wp:attachment":[{"href":"https:\/\/woodmaterials.net\/en\/wp-json\/wp\/v2\/media?parent=556"}],"curies":[{"name":"wp","href":"https:\/\/api.w.org\/{rel}","templated":true}]}}