{"id":1053,"date":"2024-09-23T23:02:26","date_gmt":"2024-09-23T20:02:26","guid":{"rendered":"https:\/\/woodmaterials.net\/urunler\/"},"modified":"2024-11-25T12:43:05","modified_gmt":"2024-11-25T09:43:05","slug":"%d8%a7%d9%84%d9%85%d9%86%d8%aa%d8%ac%d8%a7%d8%aa","status":"publish","type":"page","link":"https:\/\/woodmaterials.net\/ar\/%d8%a7%d9%84%d9%85%d9%86%d8%aa%d8%ac%d8%a7%d8%aa\/","title":{"rendered":"\u0627\u0644\u0645\u0646\u062a\u062c\u0627\u062a"},"content":{"rendered":"\n  <div id=\"page-header-1967169940\" class=\"page-header-wrapper\">\n  <div class=\"page-title dark featured-title\">\n\n    \n    <div class=\"page-title-inner container align-center flex-row medium-flex-wrap\" >\n              <div class=\"title-wrapper flex-col text-left medium-text-center\">\n          <h1 class=\"entry-title mb-0\">\n            \u0627\u0644\u0645\u0646\u062a\u062c\u0627\u062a          <\/h1>\n        <\/div>\n                    <div class=\"title-content flex-col flex-right text-right medium-text-center\">\n        <div class=\"title-breadcrumbs pb-half pt-half\"><\/div>      <\/div>\n    <\/div>\n\n       <\/div>\n    <\/div>\n  \n\n\n\t<section class=\"section\" id=\"section_2034949203\">\n\t\t<div class=\"section-bg fill\" >\n\t\t\t\t\t\t\t\t\t\n\t\t\t\n\n\t\t<\/div>\n\n\t\t\n\n\t\t<div class=\"section-content relative\">\n\t\t\t\n\n<div class=\"row\"  id=\"row-1564112428\">\n\n\n\t<div id=\"col-1205551517\" class=\"col medium-4 small-12 large-4\"  >\n\t\t\t\t<div class=\"col-inner\"  >\n\t\t\t\n\t\t\t\n\n\t<div class=\"box has-hover   has-hover box-shadow-3 box-text-bottom\" >\n\n\t\t<div class=\"box-image\" style=\"border-radius:2%;\">\n\t\t\t<a href=\"https:\/\/woodmaterials.net\/ladin-kereste\/\" >\t\t\t<div class=\"\" >\n\t\t\t\t<img loading=\"lazy\" decoding=\"async\" width=\"365\" height=\"365\" src=\"https:\/\/woodmaterials.net\/wp-content\/uploads\/2024\/09\/Uralles-taxta.png\" class=\"attachment- size-\" alt=\"\" srcset=\"https:\/\/woodmaterials.net\/wp-content\/uploads\/2024\/09\/Uralles-taxta.png 365w, https:\/\/woodmaterials.net\/wp-content\/uploads\/2024\/09\/Uralles-taxta-300x300.png 300w, https:\/\/woodmaterials.net\/wp-content\/uploads\/2024\/09\/Uralles-taxta-150x150.png 150w\" sizes=\"auto, (max-width: 365px) 100vw, 365px\" \/>\t\t\t\t\t\t\t\t\t\t\t<\/div>\n\t\t\t<\/a>\t\t<\/div>\n\n\t\t<div class=\"box-text text-center\" >\n\t\t\t<div class=\"box-text-inner\">\n\t\t\t\t\n\n<h4><a href=\"https:\/\/woodmaterials.net\/ladin-kereste\/\">LAD\u0130N KERESTE<\/a><\/h4>\n<p>A\u00e7\u0131k renkli ve k\u0131rm\u0131z\u0131ms\u0131 damarl\u0131, hafif ve orta derecede yumu\u015fak ah\u015fap.<\/p>\n\n\t\t\t<\/div>\n\t\t<\/div>\n\t<\/div>\n\t\n\n\t\t<\/div>\n\t\t\t\t\t<\/div>\n\n\t\n\n\t<div id=\"col-327060740\" class=\"col medium-4 small-12 large-4\"  >\n\t\t\t\t<div class=\"col-inner\"  >\n\t\t\t\n\t\t\t\n\n\t<div class=\"box has-hover   has-hover box-shadow-3 box-text-bottom\" >\n\n\t\t<div class=\"box-image\" style=\"border-radius:2%;\">\n\t\t\t<a href=\"https:\/\/woodmaterials.net\/cam-keresteleri\/\" >\t\t\t<div class=\"\" >\n\t\t\t\t<img loading=\"lazy\" decoding=\"async\" width=\"285\" height=\"285\" src=\"https:\/\/woodmaterials.net\/wp-content\/uploads\/2024\/09\/Aciq-taxta-Red.png\" class=\"attachment- size-\" alt=\"\" srcset=\"https:\/\/woodmaterials.net\/wp-content\/uploads\/2024\/09\/Aciq-taxta-Red.png 285w, https:\/\/woodmaterials.net\/wp-content\/uploads\/2024\/09\/Aciq-taxta-Red-150x150.png 150w\" sizes=\"auto, (max-width: 285px) 100vw, 285px\" \/>\t\t\t\t\t\t\t\t\t\t\t<\/div>\n\t\t\t<\/a>\t\t<\/div>\n\n\t\t<div class=\"box-text text-center\" >\n\t\t\t<div class=\"box-text-inner\">\n\t\t\t\t\n\n<h4><a href=\"https:\/\/woodmaterials.net\/cam-keresteleri\/\">\u00c7AM KERESTELER\u0130<\/a><\/h4>\n<p>Re\u00e7ine a\u00e7\u0131s\u0131ndan zengin ve dokunu\u015fta ya\u011fl\u0131.<\/p>\n\t<div id=\"gap-652108250\" class=\"gap-element clearfix\" style=\"display:block; height:auto;\">\n\t\t\n<style>\n#gap-652108250 {\n  padding-top: 22px;\n}\n<\/style>\n\t<\/div>\n\t\n\n\n\t\t\t<\/div>\n\t\t<\/div>\n\t<\/div>\n\t\n\n\t\t<\/div>\n\t\t\t\t\t<\/div>\n\n\t\n\n\t<div id=\"col-536772402\" class=\"col medium-4 small-12 large-4\"  >\n\t\t\t\t<div class=\"col-inner\"  >\n\t\t\t\n\t\t\t\n\n\t<div class=\"box has-hover   has-hover box-shadow-3 box-text-bottom\" >\n\n\t\t<div class=\"box-image\" style=\"border-radius:2%;\">\n\t\t\t<a href=\"https:\/\/woodmaterials.net\/sveza-deck-350\/\" >\t\t\t<div class=\"\" >\n\t\t\t\t<img loading=\"lazy\" decoding=\"async\" width=\"270\" height=\"270\" src=\"https:\/\/woodmaterials.net\/wp-content\/uploads\/2024\/09\/Sveza-350_1.png\" class=\"attachment- size-\" alt=\"\" srcset=\"https:\/\/woodmaterials.net\/wp-content\/uploads\/2024\/09\/Sveza-350_1.png 270w, https:\/\/woodmaterials.net\/wp-content\/uploads\/2024\/09\/Sveza-350_1-150x150.png 150w\" sizes=\"auto, (max-width: 270px) 100vw, 270px\" \/>\t\t\t\t\t\t\t\t\t\t\t<\/div>\n\t\t\t<\/a>\t\t<\/div>\n\n\t\t<div class=\"box-text text-center\" >\n\t\t\t<div class=\"box-text-inner\">\n\t\t\t\t\n\n<h4><a href=\"https:\/\/woodmaterials.net\/sveza-deck-350\/\">SVEZA DECK 350<\/a><\/h4>\n<p>Izgara desenli \u00f6zel d\u00f6\u015feme kal\u0131b\u0131 kontrpla\u011f\u0131.<\/p>\n\t<div id=\"gap-1878446613\" class=\"gap-element clearfix\" style=\"display:block; height:auto;\">\n\t\t\n<style>\n#gap-1878446613 {\n  padding-top: 23px;\n}\n<\/style>\n\t<\/div>\n\t\n\n\n\t\t\t<\/div>\n\t\t<\/div>\n\t<\/div>\n\t\n\n\t\t<\/div>\n\t\t\t\t\t<\/div>\n\n\t\n\n<\/div>\n<div class=\"row\"  id=\"row-133405874\">\n\n\n\t<div id=\"col-242730502\" class=\"col medium-4 small-12 large-4\"  >\n\t\t\t\t<div class=\"col-inner\"  >\n\t\t\t\n\t\t\t\n\n\t<div class=\"box has-hover   has-hover box-shadow-3 box-text-bottom\" >\n\n\t\t<div class=\"box-image\" style=\"border-radius:2%;\">\n\t\t\t<a href=\"https:\/\/woodmaterials.net\/doka-ahsap-kiris-h20\/\" >\t\t\t<div class=\"\" >\n\t\t\t\t<img loading=\"lazy\" decoding=\"async\" width=\"270\" height=\"270\" src=\"https:\/\/woodmaterials.net\/wp-content\/uploads\/2024\/09\/doka.png\" class=\"attachment- size-\" alt=\"\" srcset=\"https:\/\/woodmaterials.net\/wp-content\/uploads\/2024\/09\/doka.png 270w, https:\/\/woodmaterials.net\/wp-content\/uploads\/2024\/09\/doka-150x150.png 150w\" sizes=\"auto, (max-width: 270px) 100vw, 270px\" \/>\t\t\t\t\t\t\t\t\t\t\t<\/div>\n\t\t\t<\/a>\t\t<\/div>\n\n\t\t<div class=\"box-text text-center\" >\n\t\t\t<div class=\"box-text-inner\">\n\t\t\t\t\n\n<h4><a href=\"https:\/\/woodmaterials.net\/doka-ahsap-kiris-h20\/\">H20 AH\u015eAP K\u0130R\u0130\u015e<\/a><\/h4>\n<p>Elyaf panel dokulu ve PUR kiri\u015f u\u00e7 takviyeli, boyutsal olarak stabil kat\u0131 dokulu kiri\u015f. (EN 13377 uyumlu)<\/p>\n\n\n\t\t\t<\/div>\n\t\t<\/div>\n\t<\/div>\n\t\n\n\t\t<\/div>\n\t\t\t\t\t<\/div>\n\n\t\n\n\t<div id=\"col-1078776418\" class=\"col medium-4 small-12 large-4\"  >\n\t\t\t\t<div class=\"col-inner\"  >\n\t\t\t\n\t\t\t\n\n\t<div class=\"box has-hover   has-hover box-shadow-3 box-text-bottom\" >\n\n\t\t<div class=\"box-image\" style=\"border-radius:2%;\">\n\t\t\t<a href=\"https:\/\/woodmaterials.net\/osb-3-kronospan\/\" >\t\t\t<div class=\"\" >\n\t\t\t\t<img loading=\"lazy\" decoding=\"async\" width=\"270\" height=\"270\" src=\"https:\/\/woodmaterials.net\/wp-content\/uploads\/2024\/09\/OSB3-Kronospan.png\" class=\"attachment- size-\" alt=\"\" srcset=\"https:\/\/woodmaterials.net\/wp-content\/uploads\/2024\/09\/OSB3-Kronospan.png 270w, https:\/\/woodmaterials.net\/wp-content\/uploads\/2024\/09\/OSB3-Kronospan-150x150.png 150w\" sizes=\"auto, (max-width: 270px) 100vw, 270px\" \/>\t\t\t\t\t\t\t\t\t\t\t<\/div>\n\t\t\t<\/a>\t\t<\/div>\n\n\t\t<div class=\"box-text text-center\" >\n\t\t\t<div class=\"box-text-inner\">\n\t\t\t\t\n\n<h4><a href=\"https:\/\/woodmaterials.net\/osb-3-kronospan\/\">OSB 3 KRONOSPAN<\/a><\/h4>\n<p>OSB 3, \u015fu anda mevcut olan en ilerici OSB t\u00fcr\u00fcd\u00fcr.<\/p>\n\t<div id=\"gap-196088554\" class=\"gap-element clearfix\" style=\"display:block; height:auto;\">\n\t\t\n<style>\n#gap-196088554 {\n  padding-top: 20px;\n}\n<\/style>\n\t<\/div>\n\t\n\n\n\t\t\t<\/div>\n\t\t<\/div>\n\t<\/div>\n\t\n\n\t\t<\/div>\n\t\t\t\t\t<\/div>\n\n\t\n\n<\/div>\n<div class=\"row\"  id=\"row-400990164\">\n\n\n\t<div id=\"col-1213310323\" class=\"col medium-4 small-12 large-4\"  >\n\t\t\t\t<div class=\"col-inner\"  >\n\t\t\t\n\t\t\t\n\n\t<div class=\"box has-hover   has-hover box-shadow-3 box-text-bottom\" >\n\n\t\t<div class=\"box-image\" style=\"border-radius:2%;\">\n\t\t\t<a href=\"https:\/\/woodmaterials.net\/sveza-film-faced-birch-plywood\/\" >\t\t\t<div class=\"\" >\n\t\t\t\t<img loading=\"lazy\" decoding=\"async\" width=\"274\" height=\"169\" src=\"https:\/\/woodmaterials.net\/wp-content\/uploads\/2024\/09\/7.png\" class=\"attachment- size-\" alt=\"\" \/>\t\t\t\t\t\t\t\t\t\t\t<\/div>\n\t\t\t<\/a>\t\t<\/div>\n\n\t\t<div class=\"box-text text-center\" >\n\t\t\t<div class=\"box-text-inner\">\n\t\t\t\t\n\n<h4><a href=\"https:\/\/woodmaterials.net\/sveza-film-faced-birch-plywood\/\">SVEZA FILM FACED BIRCH PLYWOOD<\/a><\/h4>\n<p>SVEZA Film Faced Birch Plywood is covered with special wear-resistant material.<\/p>\n\t<div id=\"gap-1233542132\" class=\"gap-element clearfix\" style=\"display:block; height:auto;\">\n\t\t\n<style>\n#gap-1233542132 {\n  padding-top: 24px;\n}\n<\/style>\n\t<\/div>\n\t\n\n\n\t\t\t<\/div>\n\t\t<\/div>\n\t<\/div>\n\t\n\n\t\t<\/div>\n\t\t\t\t\t<\/div>\n\n\t\n\n\t<div id=\"col-442730692\" class=\"col medium-4 small-12 large-4\"  >\n\t\t\t\t<div class=\"col-inner\"  >\n\t\t\t\n\t\t\t\n\n\t<div class=\"box has-hover   has-hover box-shadow-3 box-text-bottom\" >\n\n\t\t<div class=\"box-image\" style=\"border-radius:2%;\">\n\t\t\t<a href=\"https:\/\/woodmaterials.net\/h20-kingbeams\/\" >\t\t\t<div class=\"\" >\n\t\t\t\t<img loading=\"lazy\" decoding=\"async\" width=\"274\" height=\"169\" src=\"https:\/\/woodmaterials.net\/wp-content\/uploads\/2024\/11\/h20-ahsap-kiris-1.jpg\" class=\"attachment- size-\" alt=\"H20 Ah\u015fap Kiri\u015f\" \/>\t\t\t\t\t\t\t\t\t\t\t<\/div>\n\t\t\t<\/a>\t\t<\/div>\n\n\t\t<div class=\"box-text text-center\" >\n\t\t\t<div class=\"box-text-inner\">\n\t\t\t\t\n\n<h4><a href=\"https:\/\/woodmaterials.net\/h20-kingbeams\/\">H20 KINGBEAMS<\/a><\/h4>\n<p>Kal\u0131p kiri\u015fleri H20<\/p>\n\t<div id=\"gap-750394262\" class=\"gap-element clearfix\" style=\"display:block; height:auto;\">\n\t\t\n<style>\n#gap-750394262 {\n  padding-top: 20px;\n}\n<\/style>\n\t<\/div>\n\t\n\n\t<div id=\"gap-1467443480\" class=\"gap-element clearfix\" style=\"display:block; height:auto;\">\n\t\t\n<style>\n#gap-1467443480 {\n  padding-top: 24px;\n}\n<\/style>\n\t<\/div>\n\t\n\n\n\t\t\t<\/div>\n\t\t<\/div>\n\t<\/div>\n\t\n\n\t\t<\/div>\n\t\t\t\t\t<\/div>\n\n\t\n\n\t<div id=\"col-941971775\" class=\"col medium-4 small-12 large-4\"  >\n\t\t\t\t<div class=\"col-inner\"  >\n\t\t\t\n\t\t\t\n\n\t<div class=\"box has-hover   has-hover box-shadow-3 box-text-bottom\" >\n\n\t\t<div class=\"box-image\" style=\"border-radius:2%;\">\n\t\t\t<a href=\"https:\/\/woodmaterials.net\/sveza-titan\/\" >\t\t\t<div class=\"\" >\n\t\t\t\t<img loading=\"lazy\" decoding=\"async\" width=\"274\" height=\"169\" src=\"https:\/\/woodmaterials.net\/wp-content\/uploads\/2024\/09\/product16.png\" class=\"attachment- size-\" alt=\"\" \/>\t\t\t\t\t\t\t\t\t\t\t<\/div>\n\t\t\t<\/a>\t\t<\/div>\n\n\t\t<div class=\"box-text text-center\" >\n\t\t\t<div class=\"box-text-inner\">\n\t\t\t\t\n\n<h4><a href=\"https:\/\/woodmaterials.net\/sveza-titan\/\">SVEZA TITAN<\/a><\/h4>\n<p>Extra wear-resistance and anti-slip properties for flooring in commercial vehicles.<\/p>\n\t<div id=\"gap-1111664513\" class=\"gap-element clearfix\" style=\"display:block; height:auto;\">\n\t\t\n<style>\n#gap-1111664513 {\n  padding-top: 12px;\n}\n<\/style>\n\t<\/div>\n\t\n\n\n\t\t\t<\/div>\n\t\t<\/div>\n\t<\/div>\n\t\n\n\t\t<\/div>\n\t\t\t\t\t<\/div>\n\n\t\n\n<\/div>\n<div class=\"row\"  id=\"row-2105086601\">\n\n\n\t<div id=\"col-2072066091\" class=\"col medium-4 small-12 large-4\"  >\n\t\t\t\t<div class=\"col-inner\"  >\n\t\t\t\n\t\t\t\n\n\t<div class=\"box has-hover   has-hover box-shadow-3 box-text-bottom\" >\n\n\t\t<div class=\"box-image\" style=\"border-radius:2%;\">\n\t\t\t<a href=\"https:\/\/woodmaterials.net\/sveza-interior-birch-plywood\/\" >\t\t\t<div class=\"\" >\n\t\t\t\t<img loading=\"lazy\" decoding=\"async\" width=\"274\" height=\"169\" src=\"https:\/\/woodmaterials.net\/wp-content\/uploads\/2024\/09\/product13.png\" class=\"attachment- size-\" alt=\"\" \/>\t\t\t\t\t\t\t\t\t\t\t<\/div>\n\t\t\t<\/a>\t\t<\/div>\n\n\t\t<div class=\"box-text text-center\" >\n\t\t\t<div class=\"box-text-inner\">\n\t\t\t\t\n\n<h4><a href=\"https:\/\/woodmaterials.net\/sveza-interior-birch-plywood\/\">SVEZA INTERIOR BIRCH PLYWOOD<\/a><\/h4>\n<p>SVEZA Interior Birch Plywood is ideal for interior use.<\/p>\n\t<div id=\"gap-1709814558\" class=\"gap-element clearfix\" style=\"display:block; height:auto;\">\n\t\t\n<style>\n#gap-1709814558 {\n  padding-top: 18px;\n}\n<\/style>\n\t<\/div>\n\t\n\n\n\t\t\t<\/div>\n\t\t<\/div>\n\t<\/div>\n\t\n\n\t\t<\/div>\n\t\t\t\t\t<\/div>\n\n\t\n\n\t<div id=\"col-675706526\" class=\"col medium-4 small-12 large-4\"  >\n\t\t\t\t<div class=\"col-inner\"  >\n\t\t\t\n\t\t\t\n\n\t<div class=\"box has-hover   has-hover box-shadow-3 box-text-bottom\" >\n\n\t\t<div class=\"box-image\" style=\"border-radius:2%;\">\n\t\t\t<a href=\"https:\/\/woodmaterials.net\/sveza-laser\/\" >\t\t\t<div class=\"\" >\n\t\t\t\t<img loading=\"lazy\" decoding=\"async\" width=\"274\" height=\"169\" src=\"https:\/\/woodmaterials.net\/wp-content\/uploads\/2024\/09\/product14.png\" class=\"attachment- size-\" alt=\"\" \/>\t\t\t\t\t\t\t\t\t\t\t<\/div>\n\t\t\t<\/a>\t\t<\/div>\n\n\t\t<div class=\"box-text text-center\" >\n\t\t\t<div class=\"box-text-inner\">\n\t\t\t\t\n\n<h4><a href=\"https:\/\/woodmaterials.net\/sveza-laser\/\">SVEZA LASER<\/a><\/h4>\n<p>Cutting edge plywood for die cutting.<\/p>\n\t<div id=\"gap-1860840578\" class=\"gap-element clearfix\" style=\"display:block; height:auto;\">\n\t\t\n<style>\n#gap-1860840578 {\n  padding-top: 23px;\n}\n<\/style>\n\t<\/div>\n\t\n\n\t<div id=\"gap-863086013\" class=\"gap-element clearfix\" style=\"display:block; height:auto;\">\n\t\t\n<style>\n#gap-863086013 {\n  padding-top: 20px;\n}\n<\/style>\n\t<\/div>\n\t\n\n\n\t\t\t<\/div>\n\t\t<\/div>\n\t<\/div>\n\t\n\n\t\t<\/div>\n\t\t\t\t\t<\/div>\n\n\t\n\n\t<div id=\"col-1420799982\" class=\"col medium-4 small-12 large-4\"  >\n\t\t\t\t<div class=\"col-inner\"  >\n\t\t\t\n\t\t\t\n\n\t<div class=\"box has-hover   has-hover box-shadow-3 box-text-bottom\" >\n\n\t\t<div class=\"box-image\" style=\"border-radius:2%;\">\n\t\t\t<a href=\"https:\/\/woodmaterials.net\/sveza-gas-no96\/\" >\t\t\t<div class=\"\" >\n\t\t\t\t<img loading=\"lazy\" decoding=\"async\" width=\"274\" height=\"169\" src=\"https:\/\/woodmaterials.net\/wp-content\/uploads\/2024\/09\/product15.png\" class=\"attachment- size-\" alt=\"\" \/>\t\t\t\t\t\t\t\t\t\t\t<\/div>\n\t\t\t<\/a>\t\t<\/div>\n\n\t\t<div class=\"box-text text-center\" >\n\t\t\t<div class=\"box-text-inner\">\n\t\t\t\t\n\n<h4><a href=\"https:\/\/woodmaterials.net\/sveza-gas-no96\/\">SVEZA GAS NO96<\/a><\/h4>\n<p>Birch plywood specially designed for LNG carriers.\u00a0<\/p>\n\t<div id=\"gap-1644061575\" class=\"gap-element clearfix\" style=\"display:block; height:auto;\">\n\t\t\n<style>\n#gap-1644061575 {\n  padding-top: 19px;\n}\n<\/style>\n\t<\/div>\n\t\n\n\n\t\t\t<\/div>\n\t\t<\/div>\n\t<\/div>\n\t\n\n\t\t<\/div>\n\t\t\t\t\t<\/div>\n\n\t\n\n<\/div>\n<div class=\"row\"  id=\"row-1020425052\">\n\n\n<\/div>\n\n\t\t<\/div>\n\n\t\t\n<style>\n#section_2034949203 {\n  padding-top: 30px;\n  padding-bottom: 30px;\n}\n<\/style>\n\t<\/section>\n\t\n\n","protected":false},"excerpt":{"rendered":"","protected":false},"author":1,"featured_media":0,"parent":0,"menu_order":0,"comment_status":"closed","ping_status":"closed","template":"page-blank.php","meta":{"footnotes":""},"class_list":["post-1053","page","type-page","status-publish","hentry"],"_links":{"self":[{"href":"https:\/\/woodmaterials.net\/ar\/wp-json\/wp\/v2\/pages\/1053","targetHints":{"allow":["GET"]}}],"collection":[{"href":"https:\/\/woodmaterials.net\/ar\/wp-json\/wp\/v2\/pages"}],"about":[{"href":"https:\/\/woodmaterials.net\/ar\/wp-json\/wp\/v2\/types\/page"}],"author":[{"embeddable":true,"href":"https:\/\/woodmaterials.net\/ar\/wp-json\/wp\/v2\/users\/1"}],"replies":[{"embeddable":true,"href":"https:\/\/woodmaterials.net\/ar\/wp-json\/wp\/v2\/comments?post=1053"}],"version-history":[{"count":17,"href":"https:\/\/woodmaterials.net\/ar\/wp-json\/wp\/v2\/pages\/1053\/revisions"}],"predecessor-version":[{"id":1245,"href":"https:\/\/woodmaterials.net\/ar\/wp-json\/wp\/v2\/pages\/1053\/revisions\/1245"}],"wp:attachment":[{"href":"https:\/\/woodmaterials.net\/ar\/wp-json\/wp\/v2\/media?parent=1053"}],"curies":[{"name":"wp","href":"https:\/\/api.w.org\/{rel}","templated":true}]}}