{"id":1046,"date":"2024-09-29T22:11:33","date_gmt":"2024-09-29T19:11:33","guid":{"rendered":"https:\/\/woodmaterials.net\/sveza-titan\/"},"modified":"2024-10-30T08:30:59","modified_gmt":"2024-10-30T05:30:59","slug":"%d8%b3%da%a4%d9%8a%d8%b2%d8%a7-%d8%aa%d9%8a%d8%aa%d8%a7%d9%86","status":"publish","type":"page","link":"https:\/\/woodmaterials.net\/ar\/%d8%b3%da%a4%d9%8a%d8%b2%d8%a7-%d8%aa%d9%8a%d8%aa%d8%a7%d9%86\/","title":{"rendered":"\u0633\u06a4\u064a\u0632\u0627 \u062a\u064a\u062a\u0627\u0646"},"content":{"rendered":"\n  <div id=\"page-header-893725167\" class=\"page-header-wrapper\">\n  <div class=\"page-title dark featured-title\">\n\n    \n    <div class=\"page-title-inner container align-center flex-row medium-flex-wrap\" >\n              <div class=\"title-wrapper flex-col text-left medium-text-center\">\n          <h1 class=\"entry-title mb-0\">\n            \u0633\u06a4\u064a\u0632\u0627 \u062a\u064a\u062a\u0627\u0646          <\/h1>\n        <\/div>\n                    <div class=\"title-content flex-col flex-right text-right medium-text-center\">\n        <div class=\"title-breadcrumbs pb-half pt-half\"><\/div>      <\/div>\n    <\/div>\n\n       <\/div>\n    <\/div>\n  \n\n<div class=\"is-divider divider clearfix\" ><\/div>\n\n<div class=\"row\"  id=\"row-827129093\">\n\n\n\t<div id=\"col-1974516242\" class=\"col medium-5 small-12 large-5\"  >\n\t\t\t\t<div class=\"col-inner\"  >\n\t\t\t\n\t\t\t\n\n\t<div class=\"img has-hover x md-x lg-x y md-y lg-y\" id=\"image_1794663952\">\n\t\t\t\t\t\t\t\t<div class=\"img-inner image-cover dark\" style=\"padding-top:75%;\">\n\t\t\t<img loading=\"lazy\" decoding=\"async\" width=\"540\" height=\"333\" src=\"https:\/\/woodmaterials.net\/wp-content\/uploads\/2024\/09\/product16.2.png\" class=\"attachment-large size-large\" alt=\"\" srcset=\"https:\/\/woodmaterials.net\/wp-content\/uploads\/2024\/09\/product16.2.png 540w, https:\/\/woodmaterials.net\/wp-content\/uploads\/2024\/09\/product16.2-300x185.png 300w\" sizes=\"auto, (max-width: 540px) 100vw, 540px\" \/>\t\t\t\t\t\t\n\t\t\t\t\t<\/div>\n\t\t\t\t\t\t\t\t\n<style>\n#image_1794663952 {\n  width: 100%;\n}\n<\/style>\n\t<\/div>\n\t\n\n\n\t\t<\/div>\n\t\t\t\t\t<\/div>\n\n\t\n\n\t<div id=\"col-425167888\" class=\"col medium-7 small-12 large-7\"  >\n\t\t\t\t<div class=\"col-inner\"  >\n\t\t\t\n\t\t\t\n\n<div class=\"container section-title-container\" ><h3 class=\"section-title section-title-normal\"><b><\/b><span class=\"section-title-main\" >\u0633\u06a4\u064a\u0632\u0627 \u062a\u064a\u062a\u0627\u0646<\/span><b><\/b><\/h3><\/div>\n\n\t<div id=\"text-2426725710\" class=\"text\">\n\t\t\n\n<p>\u0625\u0646 SVEZA Titan \u0639\u0628\u0627\u0631\u0629 \u0639\u0646 \u062e\u0634\u0628 \u062e\u0634\u0628 \u0627\u0644\u0628\u062a\u0648\u0644\u0627 \u0627\u0644\u0631\u0642\u0627\u0626\u0642\u064a \u0639\u0627\u0644\u064a \u0627\u0644\u062c\u0648\u062f\u0629 \u0645\u0639 \u0637\u0644\u0627\u0621 \u062e\u0627\u0635 \u0643\u0627\u0634\u0637 \u064a\u0648\u0641\u0631 \u0627\u0644\u0633\u0644\u0627\u0645\u0629 \u0627\u0644\u0628\u0634\u0631\u064a\u0629 \u0648\u0627\u0644\u062d\u0641\u0627\u0638 \u0639\u0644\u0649 \u0627\u0644\u0628\u0636\u0627\u0626\u0639 \u0648\u0645\u062a\u0627\u0646\u0629 \u0627\u0644\u0623\u0631\u0636\u064a\u0627\u062a \u0641\u064a \u0627\u0644\u0645\u0631\u0643\u0628\u0627\u062a \u0627\u0644\u062a\u062c\u0627\u0631\u064a\u0629.<br \/>\u062a\u0645 \u0637\u0644\u0627\u0621 SVEZA Titan \u0628\u0637\u0628\u0642\u0629 \u0641\u0631\u064a\u062f\u0629 \u0645\u0646 \u0646\u0648\u0639\u0647\u0627 \u062a\u062d\u062a\u0648\u064a \u0639\u0644\u0649 \u062c\u0632\u064a\u0626\u0627\u062a \u0627\u0644\u064a\u0627\u0642\u0648\u062a \u0627\u0644\u0623\u0632\u0631\u0642 \u0627\u0644\u062a\u064a \u062a\u062a\u064a\u062d \u062e\u0635\u0627\u0626\u0635 \u0627\u0633\u062a\u062b\u0646\u0627\u0626\u064a\u0629 \u0645\u0636\u0627\u062f\u0629 \u0644\u0644\u0627\u0646\u0632\u0644\u0627\u0642 \u0648\u0645\u0642\u0627\u0648\u0645\u0629 \u0627\u0644\u062a\u0622\u0643\u0644.<br \/>\u062a\u0641\u064a SVEZA Titan \u0628\u0627\u0644\u0641\u0626\u0629 \u0627\u0644\u0642\u0635\u0648\u0649 \u0644\u062e\u0635\u0627\u0626\u0635 \u0645\u0642\u0627\u0648\u0645\u0629 \u0627\u0644\u0627\u0646\u0632\u0644\u0627\u0642 (R13 \u0648\u0641\u0642\u064b\u0627 \u0644\u0645\u0639\u064a\u0627\u0631 DIN 51130) \u0648\u062a\u062a\u0648\u0627\u0641\u0642 \u0645\u0639 \u0645\u062a\u0637\u0644\u0628\u0627\u062a \u0627\u0644\u0623\u0645\u0627\u0646 \u0641\u064a \u0646\u0642\u0644 \u0627\u0644\u0628\u0636\u0627\u0626\u0639 \u0648\u0641\u0642\u064b\u0627 \u0644\u0644\u0645\u0639\u064a\u0627\u0631 EN 12195-1 (\u0627\u0644\u0645\u0646\u0635\u0627\u062a \u0627\u0644\u062e\u0634\u0628\u064a\u0629 \u0648\u0627\u0644\u0628\u0644\u0627\u0633\u062a\u064a\u0643\u064a\u0629).<br \/>\u0628\u0627\u0644\u0645\u0642\u0627\u0631\u0646\u0629 \u0645\u0639 \u062e\u0634\u0628 SVEZA \u0627\u0644\u062e\u0634\u0628 \u0627\u0644\u0631\u0642\u0627\u0626\u0642\u064a SVEZA Titan \u064a\u062a\u0645\u064a\u0632 \u0628\u0623\u0639\u0644\u0649 \u0645\u0633\u062a\u0648\u0649 \u0645\u0646 \u0627\u0644\u0645\u0642\u0627\u0648\u0645\u0629 \u0644\u0644\u062a\u0622\u0643\u0644 \u0627\u0644\u0633\u0637\u062d\u064a (\u0644\u0627 \u064a\u0642\u0644 \u0639\u0646 2600 \u062f\u0648\u0631\u0629\u060c \u0627\u062e\u062a\u0628\u0627\u0631 \u0627\u0644\u062a\u0627\u0628\u0631 \u0648\u0641\u0642\u064b\u0627 \u0644\u0644\u0645\u0639\u064a\u0627\u0631 EN 438-2:2016) \u0648\u0623\u064a\u0636\u064b\u0627 \u0645\u0642\u0627\u0648\u0645\u0629 \u0644\u0644\u062a\u062d\u0645\u064a\u0644 \u0628\u0627\u0644\u0639\u062c\u0644\u0627\u062a \u0627\u0644\u062f\u0648\u0627\u0631\u0629 (\u0623\u0643\u062b\u0631 \u0645\u0646 10 \u0622\u0644\u0627\u0641 \u062f\u0648\u0631\u0629\u060c \u0627\u062e\u062a\u0628\u0627\u0631 \u0627\u0644\u062f\u062d\u0631\u062c\u0629 \u0648\u0641\u0642\u064b\u0627 \u0644\u0644\u0645\u0639\u064a\u0627\u0631 SFS 3939).<br \/>\u0647\u0630\u0627 \u0627\u0644\u0631\u0642\u0645 \u0623\u0639\u0644\u0649 \u0628\u0640 5 \u0623\u0636\u0639\u0627\u0641 \u0645\u0642\u0627\u0631\u0646\u0629\u064b \u0628\u0640 SVEZA F\/W \u0627\u0644\u0639\u0627\u062f\u064a.<\/p>\n\t\t\n<style>\n#text-2426725710 {\n  line-height: 1;\n}\n<\/style>\n\t<\/div>\n\t\n\n\t\t<\/div>\n\t\t\t\t\t<\/div>\n\n\t\n\n<\/div>\n<div class=\"row\"  id=\"row-49881594\">\n\n\n\t<div id=\"col-760778982\" class=\"col small-12 large-12\"  >\n\t\t\t\t<div class=\"col-inner\"  >\n\t\t\t\n\t\t\t\n\n\n\t\t<div class=\"tabbed-content\">\n\t\t\t\n\t\t\t<ul class=\"nav nav-tabs nav-uppercase nav-size-normal nav-left\" role=\"tablist\"><li id=\"tab-\u0627\u0644\u0645\u0648\u0627\u0635\u0641\u0627\u062a-\u0627\u0644\u0641\u0646\u064a\u0629\" class=\"tab active has-icon\" role=\"presentation\"><a href=\"#tab_\u0627\u0644\u0645\u0648\u0627\u0635\u0641\u0627\u062a-\u0627\u0644\u0641\u0646\u064a\u0629\" role=\"tab\" aria-selected=\"true\" aria-controls=\"tab_\u0627\u0644\u0645\u0648\u0627\u0635\u0641\u0627\u062a-\u0627\u0644\u0641\u0646\u064a\u0629\"><span>\u0627\u0644\u0645\u0648\u0627\u0635\u0641\u0627\u062a \u0627\u0644\u0641\u0646\u064a\u0629<\/span><\/a><\/li>\n<li id=\"tab-\u062e\u0635\u0627\u0626\u0635-\u0627\u0644\u0642\u0648\u0629\" class=\"tab has-icon\" role=\"presentation\"><a href=\"#tab_\u062e\u0635\u0627\u0626\u0635-\u0627\u0644\u0642\u0648\u0629\" tabindex=\"-1\" role=\"tab\" aria-selected=\"false\" aria-controls=\"tab_\u062e\u0635\u0627\u0626\u0635-\u0627\u0644\u0642\u0648\u0629\"><span>\u062e\u0635\u0627\u0626\u0635 \u0627\u0644\u0642\u0648\u0629<\/span><\/a><\/li><\/ul><div class=\"tab-panels\"><div id=\"tab_\u0627\u0644\u0645\u0648\u0627\u0635\u0641\u0627\u062a-\u0627\u0644\u0641\u0646\u064a\u0629\" class=\"panel active entry-content\" role=\"tabpanel\" aria-labelledby=\"tab-\u0627\u0644\u0645\u0648\u0627\u0635\u0641\u0627\u062a-\u0627\u0644\u0641\u0646\u064a\u0629\">\n\n<p>\u0627\u0644\u0623\u062d\u062c\u0627\u0645 \u0627\u0644\u0642\u064a\u0627\u0633\u064a\u0629\u060c \u0645\u0645 (\u0642\u062f\u0645) 2,440 \u00d7 1,220 \u00d7 2,440\/2,500 \u00d7 1,250 \u00d7 2,500 (8 \u00d7 4 \u00d7 8)\u060c 1,500 \u00d7 3,000\/1,525 \u00d7 3,050 (5 \u00d7 10)<br \/>\u0627\u0644\u0633\u0645\u0627\u0643\u0629\u060c 6-30 \u0645\u0645<br \/>\u0645\u0642\u0627\u0648\u0645\u0629 \u0627\u0644\u062a\u0622\u0643\u0644 (\u0637\u0628\u0642\u0627\u064b \u0644\u0644\u0645\u0648\u0627\u0635\u0641\u0629 EN 438-2:2016 (\u0627\u062e\u062a\u0628\u0627\u0631 \u062a\u0627\u0628\u0631)\u060c 2,600<br \/>\u0623\u0643\u062b\u0631 \u0645\u0646\u060c \u062f\u0648\u0631\u0627\u0646<br \/>\u0645\u0642\u0627\u0648\u0645\u0629 \u0627\u0644\u0627\u0646\u0632\u0644\u0627\u0642 (\u0648\u0641\u0642\u064b\u0627 \u0644\u0640 DIN 51130 (\u0627\u062e\u062a\u0628\u0627\u0631 \u0627\u0644\u0645\u0646\u062d\u062f\u0631)) R13<br \/>\u0627\u062e\u062a\u0628\u0627\u0631 \u0627\u0644\u062a\u062f\u062d\u0631\u062c (\u0648\u0641\u0642\u064b\u0627 \u0644 SFS 3939 (\u0627\u062e\u062a\u0628\u0627\u0631 \u0627\u0644\u062a\u062f\u062d\u0631\u062c)\u060c 10000<br \/>\u0644\u064a\u0633 \u0623\u0642\u0644\u060c \u062f\u0648\u0631\u0627\u062a<br \/>\u0637\u0644\u0627\u0621 \u0627\u0644\u062d\u0648\u0627\u0641 \u0639\u0646\u062f \u0627\u0644\u0637\u0644\u0628<br \/>\u0646\u0648\u0639 \u0627\u0644\u063a\u0631\u0627\u0621 \u0627\u0644\u062e\u0627\u0631\u062c\u064a (WBP)<br \/>\u0641\u0626\u0629 \u0627\u0646\u0628\u0639\u0627\u062b \u0627\u0644\u0641\u0648\u0631\u0645\u0627\u0644\u062f\u064a\u0647\u0627\u064a\u062f \u04151<br \/>\u0643\u062b\u0627\u0641\u0629 \u0627\u0644\u0641\u064a\u0644\u0645\u060c \u062c\u0645\/\u06452 \u0623\u0633\u0648\u062f (125 \u062c\u0645\/\u06452)\/\u0628\u0646\u064a \u062f\u0627\u0643\u0646 (120 \u062c\u0645\/\u06452)<br \/>\u0627\u0644\u0643\u062b\u0627\u0641\u0629\u060c \u0643\u062c\u0645\/\u06453 640-700<br \/>\u0645\u062d\u062a\u0648\u0649 \u0627\u0644\u0631\u0637\u0648\u0628\u0629\u060c % 5-14<br \/>\u0646\u0648\u0639 \u0627\u0644\u0633\u0637\u062d \u0633\u0644\u0643\u064a\/\u0645\u0644\u0633 (W\/F)<br \/>\u0644\u0648\u0646 \u0627\u0644\u0633\u0637\u062d \u0623\u0633\u0648\u062f (W)\/\u0623\u0633\u0648\u062f\u060c \u0628\u0646\u064a \u062f\u0627\u0643\u0646 (F)<\/p>\n\n<\/div>\n<div id=\"tab_\u062e\u0635\u0627\u0626\u0635-\u0627\u0644\u0642\u0648\u0629\" class=\"panel entry-content\" role=\"tabpanel\" aria-labelledby=\"tab-\u062e\u0635\u0627\u0626\u0635-\u0627\u0644\u0642\u0648\u0629\">\n\n<h5>\u0642\u0648\u0629 \u0627\u0644\u0627\u0646\u062d\u0646\u0627\u0621 \u0627\u0644\u0633\u0627\u0643\u0646\u0629\u060c \u0646\u064a\u0648\u062a\u0646\/\u0645\u06452\u060c \u0644\u064a\u0633 \u0623\u0642\u0644\u060c \u0627\u0644\u0633\u0645\u0627\u0643\u0629\u060c \u0645\u0645 &#8211; 9-30<\/h5>\n<p>\u0639\u0644\u0649 \u0637\u0648\u0644 \u062d\u0628\u064a\u0628\u0627\u062a \u0627\u0644\u0637\u0628\u0642\u0629 \u0627\u0644\u062e\u0627\u0631\u062c\u064a\u0629 60<\/p>\n<p>\u0639\u0628\u0631 \u062d\u0628\u064a\u0628\u0627\u062a \u0627\u0644\u0637\u0628\u0642\u0629 \u0627\u0644\u062e\u0627\u0631\u062c\u064a\u0629 30<\/p>\n<h5>\u0642\u0648\u0629 \u0627\u0644\u0634\u062f \u0639\u0644\u0649 \u0637\u0648\u0644 \u0627\u0644\u062d\u0628\u0648\u0628\u060c \u0646\u064a\u0648\u062a\u0646\/\u0645\u06452\u060c \u0644\u064a\u0633 \u0623\u0642\u0644\u060c \u0627\u0644\u0633\u0645\u0627\u0643\u0629\u060c \u0645\u0645 &#8211; 6-8<\/h5>\n<p>30<\/p>\n<h5>\u0645\u0639\u0627\u0645\u0644 \u0627\u0644\u0645\u0631\u0648\u0646\u0629 \u0641\u064a \u0627\u0644\u0627\u0646\u062d\u0646\u0627\u0621 \u0627\u0644\u0633\u0627\u0643\u0646\u060c \u0646\u064a\u0648\u062a\u0646\/\u0645\u06452\u060c \u0644\u064a\u0633 \u0623\u0642\u0644\u060c \u0627\u0644\u0633\u0645\u0627\u0643\u0629\u060c \u0645\u0645 &#8211; 9-30<\/h5>\n<p>\u0639\u0644\u0649 \u0637\u0648\u0644 \u0627\u0644\u062d\u0628\u064a\u0628\u0627\u062a 6000<\/p>\n<p>\u0645\u0642\u0627\u0628\u0644 \u0627\u0644\u062d\u0628\u064a\u0628\u0627\u062a 3000<\/p>\n\n<\/div><\/div><\/div>\n\n\t\t<\/div>\n\t\t\t\t\t<\/div>\n\n\t\n\n<\/div>\n\n","protected":false},"excerpt":{"rendered":"","protected":false},"author":1,"featured_media":0,"parent":0,"menu_order":0,"comment_status":"closed","ping_status":"closed","template":"page-blank.php","meta":{"footnotes":""},"class_list":["post-1046","page","type-page","status-publish","hentry"],"_links":{"self":[{"href":"https:\/\/woodmaterials.net\/ar\/wp-json\/wp\/v2\/pages\/1046","targetHints":{"allow":["GET"]}}],"collection":[{"href":"https:\/\/woodmaterials.net\/ar\/wp-json\/wp\/v2\/pages"}],"about":[{"href":"https:\/\/woodmaterials.net\/ar\/wp-json\/wp\/v2\/types\/page"}],"author":[{"embeddable":true,"href":"https:\/\/woodmaterials.net\/ar\/wp-json\/wp\/v2\/users\/1"}],"replies":[{"embeddable":true,"href":"https:\/\/woodmaterials.net\/ar\/wp-json\/wp\/v2\/comments?post=1046"}],"version-history":[{"count":3,"href":"https:\/\/woodmaterials.net\/ar\/wp-json\/wp\/v2\/pages\/1046\/revisions"}],"predecessor-version":[{"id":1052,"href":"https:\/\/woodmaterials.net\/ar\/wp-json\/wp\/v2\/pages\/1046\/revisions\/1052"}],"wp:attachment":[{"href":"https:\/\/woodmaterials.net\/ar\/wp-json\/wp\/v2\/media?parent=1046"}],"curies":[{"name":"wp","href":"https:\/\/api.w.org\/{rel}","templated":true}]}}