{"id":1028,"date":"2024-09-29T22:07:41","date_gmt":"2024-09-29T19:07:41","guid":{"rendered":"https:\/\/woodmaterials.net\/sveza-laser\/"},"modified":"2024-10-30T08:25:19","modified_gmt":"2024-10-30T05:25:19","slug":"%d8%b3%d9%81%d9%8a%d8%b2%d8%a7-%d9%84%d9%8a%d8%b2%d8%b1","status":"publish","type":"page","link":"https:\/\/woodmaterials.net\/ar\/%d8%b3%d9%81%d9%8a%d8%b2%d8%a7-%d9%84%d9%8a%d8%b2%d8%b1\/","title":{"rendered":"\u0633\u0641\u064a\u0632\u0627 \u0644\u064a\u0632\u0631"},"content":{"rendered":"\n  <div id=\"page-header-1014650494\" class=\"page-header-wrapper\">\n  <div class=\"page-title dark featured-title\">\n\n    \n    <div class=\"page-title-inner container align-center flex-row medium-flex-wrap\" >\n              <div class=\"title-wrapper flex-col text-left medium-text-center\">\n          <h1 class=\"entry-title mb-0\">\n            \u0633\u0641\u064a\u0632\u0627 \u0644\u064a\u0632\u0631          <\/h1>\n        <\/div>\n                    <div class=\"title-content flex-col flex-right text-right medium-text-center\">\n        <div class=\"title-breadcrumbs pb-half pt-half\"><\/div>      <\/div>\n    <\/div>\n\n       <\/div>\n    <\/div>\n  \n\n<div class=\"is-divider divider clearfix\" ><\/div>\n\n<div class=\"row\"  id=\"row-68508609\">\n\n\n\t<div id=\"col-628266860\" class=\"col medium-5 small-12 large-5\"  >\n\t\t\t\t<div class=\"col-inner\"  >\n\t\t\t\n\t\t\t\n\n\t<div class=\"img has-hover x md-x lg-x y md-y lg-y\" id=\"image_2140067123\">\n\t\t\t\t\t\t\t\t<div class=\"img-inner image-cover dark\" style=\"padding-top:100%;\">\n\t\t\t<img loading=\"lazy\" decoding=\"async\" width=\"700\" height=\"467\" src=\"https:\/\/woodmaterials.net\/wp-content\/uploads\/2024\/09\/product14.2.jpg\" class=\"attachment-large size-large\" alt=\"\" srcset=\"https:\/\/woodmaterials.net\/wp-content\/uploads\/2024\/09\/product14.2.jpg 700w, https:\/\/woodmaterials.net\/wp-content\/uploads\/2024\/09\/product14.2-300x200.jpg 300w\" sizes=\"auto, (max-width: 700px) 100vw, 700px\" \/>\t\t\t\t\t\t\n\t\t\t\t\t<\/div>\n\t\t\t\t\t\t\t\t\n<style>\n#image_2140067123 {\n  width: 100%;\n}\n<\/style>\n\t<\/div>\n\t\n\n\n\t\t<\/div>\n\t\t\t\t\t<\/div>\n\n\t\n\n\t<div id=\"col-843041592\" class=\"col medium-7 small-12 large-7\"  >\n\t\t\t\t<div class=\"col-inner\"  >\n\t\t\t\n\t\t\t\n\n<div class=\"container section-title-container\" ><h3 class=\"section-title section-title-normal\"><b><\/b><span class=\"section-title-main\" >\u0633\u0641\u064a\u0632\u0627 \u0644\u064a\u0632\u0631<\/span><b><\/b><\/h3><\/div>\n\n\t<div id=\"text-1367798697\" class=\"text\">\n\t\t\n\n<p>SVEZA \u0644\u064a\u0632\u0631 SVEZA &#8211; \u062e\u0634\u0628 \u0631\u0642\u0627\u0626\u0642\u064a \u0630\u0648 \u062d\u0627\u0641\u0629 \u0645\u062a\u0637\u0648\u0631\u0629 \u0644\u0642\u0637\u0639 \u0627\u0644\u0642\u0648\u0627\u0644\u0628.<\/p>\n<p>\u0646\u0642\u062f\u0645 \u0633\u0641\u064a\u0632\u0627 \u0644\u064a\u0632\u0631 SVEZA \u0628\u062f\u0631\u062c\u062a\u064a\u0646:<\/p>\n<p><strong>SVEZA Laser Standard<\/strong><\/p>\n<p>\u062a\u0645 \u062a\u0637\u0648\u064a\u0631 \u0647\u0630\u0627 \u0627\u0644\u0644\u0648\u062d \u0627\u0644\u0645\u0633\u0637\u062d \u062e\u0635\u064a\u0635\u0627\u064b \u0644\u0635\u0627\u0646\u0639\u064a \u0627\u0644\u0642\u0648\u0627\u0644\u0628\u060c \u0648\u0647\u0648 \u064a\u0644\u0628\u064a \u0627\u0644\u0645\u062a\u0637\u0644\u0628\u0627\u062a \u0627\u0644\u0631\u0626\u064a\u0633\u064a\u0629 \u0644\u0644\u0635\u0646\u0627\u0639\u0629.<\/p>\n<p><strong>SVEZA Laser Premium<\/strong><\/p>\n<p>\u0644\u0648\u0646 \u0648\u062c\u0647 \u0645\u0648\u062d\u062f \u0648\u0627\u0644\u062d\u062f \u0627\u0644\u0623\u062f\u0646\u0649 \u0645\u0646 \u0627\u0644\u0639\u064a\u0648\u0628 \u0641\u064a \u0627\u0644\u0642\u0634\u0631\u0629 \u0627\u0644\u062e\u0634\u0628\u064a\u0629 \u0627\u0644\u0623\u0633\u0627\u0633\u064a\u0629 \u0644\u0635\u0627\u0646\u0639\u064a \u0627\u0644\u0642\u0648\u0627\u0644\u0628 \u0627\u0644\u0630\u064a\u0646 \u064a\u062d\u062a\u0627\u062c\u0648\u0646 \u0625\u0644\u0649 \u0623\u0639\u0644\u0649 \u0645\u0633\u062a\u0648\u064a\u0627\u062a \u0627\u0644\u062c\u0648\u062f\u0629.<\/p>\n\t\t\n<style>\n#text-1367798697 {\n  font-size: 0.9rem;\n  line-height: 2.55;\n}\n<\/style>\n\t<\/div>\n\t\n\n\t\t<\/div>\n\t\t\t\t\t<\/div>\n\n\t\n\n<\/div>\n<div class=\"row\"  id=\"row-421853719\">\n\n\n\t<div id=\"col-1236157505\" class=\"col small-12 large-12\"  >\n\t\t\t\t<div class=\"col-inner\"  >\n\t\t\t\n\t\t\t\n\n\n\t\t<div class=\"tabbed-content\">\n\t\t\t\n\t\t\t<ul class=\"nav nav-tabs nav-uppercase nav-size-normal nav-left\" role=\"tablist\"><li id=\"tab-\u0627\u0644\u0645\u0648\u0627\u0635\u0641\u0627\u062a-\u0627\u0644\u0641\u0646\u064a\u0629\" class=\"tab active has-icon\" role=\"presentation\"><a href=\"#tab_\u0627\u0644\u0645\u0648\u0627\u0635\u0641\u0627\u062a-\u0627\u0644\u0641\u0646\u064a\u0629\" role=\"tab\" aria-selected=\"true\" aria-controls=\"tab_\u0627\u0644\u0645\u0648\u0627\u0635\u0641\u0627\u062a-\u0627\u0644\u0641\u0646\u064a\u0629\"><span>\u0627\u0644\u0645\u0648\u0627\u0635\u0641\u0627\u062a \u0627\u0644\u0641\u0646\u064a\u0629<\/span><\/a><\/li><\/ul><div class=\"tab-panels\"><div id=\"tab_\u0627\u0644\u0645\u0648\u0627\u0635\u0641\u0627\u062a-\u0627\u0644\u0641\u0646\u064a\u0629\" class=\"panel active entry-content\" role=\"tabpanel\" aria-labelledby=\"tab-\u0627\u0644\u0645\u0648\u0627\u0635\u0641\u0627\u062a-\u0627\u0644\u0641\u0646\u064a\u0629\">\n\n<p>\u0627\u0644\u0645\u0642\u0627\u0633\u0627\u062a \u0627\u0644\u0642\u064a\u0627\u0633\u064a\u0629\u060c \u0645\u0645 (\u0628\u0627\u0644\u0642\u062f\u0645) 1,525 \u00d7 1,525 (5 \u00d7 5 \u00d7 5)\u060c 1,220 \u00d7 1,525 (4 \u00d7 5)\/ 1,250 \u00d7 1,525 (4 \u00d7 5)\u060c 1,525 \u00d7 1,<br \/>250 (5 \u00d7 4)\/ 1,525 \u00d7 1,250 \u00d7 1,525 (5 \u00d7 4)<br \/>\u0627\u0644\u0633\u0645\u0627\u0643\u0629\u060c \u0645\u0645 3-30 \u0645\u0645<br \/>\u062f\u0631\u062c\u0627\u062a \u0642\u0634\u0631\u0629 \u0627\u0644\u0648\u062c\u0647 \u0642\u0634\u0631\u0629 \u0644\u064a\u0632\u0631 ST (BB\/BB)\u060c \u0644\u064a\u0632\u0631 PR (BB\/BB)<br \/>\u0646\u0648\u0639 \u0627\u0644\u063a\u0631\u0627\u0621 \u0627\u0644\u063a\u0631\u0627\u0621 \u0627\u0644\u062f\u0627\u062e\u0644\u064a \u0627\u0644\u062e\u0641\u064a\u0641 (INT)<br \/>\u0641\u0626\u0629 \u0627\u0646\u0628\u0639\u0627\u062b \u0627\u0644\u0641\u0648\u0631\u0645\u0627\u0644\u062f\u064a\u0647\u0627\u064a\u062f \u04151<br \/>\u0627\u0644\u0643\u062b\u0627\u0641\u0629\u060c \u0643\u062c\u0645\/\u06453 640-700<br \/>\u0645\u062d\u062a\u0648\u0649 \u0627\u0644\u0631\u0637\u0648\u0628\u0629\u060c % \u226410<\/p>\n\n<\/div><\/div><\/div>\n\n\t\t<\/div>\n\t\t\t\t\t<\/div>\n\n\t\n\n<\/div>\n\n\n\n<p><\/p>\n","protected":false},"excerpt":{"rendered":"","protected":false},"author":1,"featured_media":0,"parent":0,"menu_order":0,"comment_status":"closed","ping_status":"closed","template":"page-blank.php","meta":{"footnotes":""},"class_list":["post-1028","page","type-page","status-publish","hentry"],"_links":{"self":[{"href":"https:\/\/woodmaterials.net\/ar\/wp-json\/wp\/v2\/pages\/1028","targetHints":{"allow":["GET"]}}],"collection":[{"href":"https:\/\/woodmaterials.net\/ar\/wp-json\/wp\/v2\/pages"}],"about":[{"href":"https:\/\/woodmaterials.net\/ar\/wp-json\/wp\/v2\/types\/page"}],"author":[{"embeddable":true,"href":"https:\/\/woodmaterials.net\/ar\/wp-json\/wp\/v2\/users\/1"}],"replies":[{"embeddable":true,"href":"https:\/\/woodmaterials.net\/ar\/wp-json\/wp\/v2\/comments?post=1028"}],"version-history":[{"count":3,"href":"https:\/\/woodmaterials.net\/ar\/wp-json\/wp\/v2\/pages\/1028\/revisions"}],"predecessor-version":[{"id":1033,"href":"https:\/\/woodmaterials.net\/ar\/wp-json\/wp\/v2\/pages\/1028\/revisions\/1033"}],"wp:attachment":[{"href":"https:\/\/woodmaterials.net\/ar\/wp-json\/wp\/v2\/media?parent=1028"}],"curies":[{"name":"wp","href":"https:\/\/api.w.org\/{rel}","templated":true}]}}